{"id":5043,"date":"2022-06-09T16:44:01","date_gmt":"2022-06-09T14:44:01","guid":{"rendered":"https:\/\/activupnet.eu2.copilhost.cloud\/20raisons\/clone-of-17-evitez-le-burnout-serie-20-raisons-de-travailler-en-marchant\/"},"modified":"2023-09-13T07:21:58","modified_gmt":"2023-09-13T05:21:58","slug":"18-productivite","status":"publish","type":"page","link":"https:\/\/activup.net\/fr\/20raisons\/18-productivite\/","title":{"rendered":"#18 Devenez 10x plus productif s\u00e9rie \u201c20 raisons de travailler en marchant\u201d"},"content":{"rendered":"<p style=\"text-align: center;\">Je (re)deviens productif<\/p>\n<p style=\"text-align: center;\">Tout au long de la journ\u00e9e<\/p>\n<p style=\"text-align: center;\">\u00c9pisode 1 : Je perds du poids&nbsp;<\/p>\n<p><span><a href=\"https:\/\/activup.net\/20raisons\/01-maigrir\/\" rel=\"\"><img decoding=\"async\" alt=\"\" data-id=\"5319\" width=\"219\" data-init-width=\"300\" height=\"123\" data-init-height=\"169\" title=\"miniature #1 bas de vid\u00e9o\" loading=\"lazy\" src=\"https:\/\/activup.net\/wp-content\/uploads\/2022\/06\/miniature-1-bas-de-video.png\" data-width=\"219\" data-height=\"123\" style=\"\" data-link-wrap=\"1\"><\/a><\/span><\/p>\n<p style=\"text-align: center;\"><strong>E<strong>pisode 18 de la s\u00e9rie&nbsp;<\/strong><\/strong><strong><strong><em><span style=\"font-size: 25px;\">20 raisons de travailler en marchant<\/span><\/em><\/strong><\/strong><\/p>\n<p style=\"text-align: center;\">D\u00e9couvrez&nbsp;<strong>LA<\/strong> nouvelle m\u00e9thode pour devenir productif au quotidien :&nbsp;<\/p>\n<p><span><a href=\"https:\/\/activup.net\/20raisons\/\" rel=\"\"><img decoding=\"async\" alt=\"\" data-id=\"5633\" width=\"413\" data-init-width=\"500\" height=\"99\" data-init-height=\"120\" title=\"Sans_titre__6_-removebg-preview\" loading=\"lazy\" src=\"https:\/\/activup.net\/wp-content\/uploads\/2022\/06\/Sans_titre__6_-removebg-preview.png\" data-width=\"413\" data-height=\"99\" data-link-wrap=\"1\"><\/a><\/span><\/p>\n<p style=\"text-align: center;\"><a data-lt-tmp-id=\"lt-901215\" href=\"https:\/\/activup.net\/20raisons\/\" spellcheck=\"false\" style=\"outline: none;\">Voir la s\u00e9rie<\/a><\/p>\n<p style=\"text-align: center;\">Episode 19 :&nbsp; Passez \u00e0 l&rsquo;action<\/p>\n<p><span><a href=\"https:\/\/activup.net\/20raisons\/19-passez-action\/\" rel=\"\"><img decoding=\"async\" alt=\"\" data-id=\"5337\" width=\"219\" data-init-width=\"300\" height=\"123\" data-init-height=\"169\" title=\"miniature #19 bas de vid\u00e9o\" loading=\"lazy\" src=\"https:\/\/activup.net\/wp-content\/uploads\/2022\/06\/miniature-19-bas-de-video.png\" data-width=\"219\" data-height=\"123\" style=\"\" data-link-wrap=\"1\"><\/a><\/span><\/p>\n<p style=\"text-align: center;\"><strong><span>E<strong>pisode 18 de la s\u00e9rie&nbsp;<\/strong><\/span><\/strong><strong><span><strong><em><span style=\"font-size: 25px;\">20 raisons de travailler en marchant<\/span><\/em><\/strong><\/span><\/strong><\/p>\n<p style=\"text-align: center;\">D\u00e9couvrez&nbsp;<strong>LA<\/strong> nouvelle m\u00e9thode pour devenir productif au quotidien :&nbsp;<\/p>\n<p><span><a href=\"https:\/\/activup.net\/20raisons\/\" rel=\"\"><img decoding=\"async\" alt=\"\" data-id=\"5602\" width=\"150\" data-init-width=\"300\" height=\"85\" data-init-height=\"169\" title=\"miniature s\u00e9rie\" loading=\"lazy\" src=\"https:\/\/activup.net\/wp-content\/uploads\/2022\/06\/miniature-serie.png\" data-width=\"150\" data-height=\"85\" style=\"\" data-link-wrap=\"1\"><\/a><\/span><\/p>\n<p style=\"text-align: center;\"><a data-lt-tmp-id=\"lt-901215\" href=\"https:\/\/activup.net\/20raisons\/\" spellcheck=\"false\" style=\"outline: none;\">Voir la s\u00e9rie<\/a><\/p>\n<p style=\"text-align: center;\"><strong><span>Les autres \u00e9pisodes:<\/span><\/strong><\/p>\n<p style=\"text-align: center;\">\u00c9pisode 1 : Je perds du poids&nbsp;<\/p>\n<p><span><a href=\"https:\/\/activup.net\/20raisons\/01-maigrir\/\" rel=\"\"><img decoding=\"async\" alt=\"\" data-id=\"5319\" width=\"228\" data-init-width=\"300\" height=\"128\" data-init-height=\"169\" title=\"miniature #1 bas de vid\u00e9o\" loading=\"lazy\" src=\"https:\/\/activup.net\/wp-content\/uploads\/2022\/06\/miniature-1-bas-de-video.png\" data-width=\"228\" data-height=\"128\" style=\"\" data-link-wrap=\"1\"><\/a><\/span><\/p>\n<p style=\"text-align: center;\">Episode 19 : &nbsp;Passez \u00e0 l&rsquo;action<\/p>\n<p><span><a href=\"https:\/\/activup.net\/20raisons\/19-passez-action\/\" rel=\"\"><img decoding=\"async\" alt=\"\" data-id=\"5337\" width=\"228\" data-init-width=\"300\" height=\"128\" data-init-height=\"169\" title=\"miniature #19 bas de vid\u00e9o\" loading=\"lazy\" src=\"https:\/\/activup.net\/wp-content\/uploads\/2022\/06\/miniature-19-bas-de-video.png\" data-width=\"228\" data-height=\"128\" style=\"\" data-link-wrap=\"1\"><\/a><\/span><\/p>\n<p>votre productivit\u00e9<\/p>\n<h2>Je (re)deviens productif\u2026<\/h2>\n<p>Il est souvent difficile d&rsquo;\u00eatre productif tout au long de la journ\u00e9e. Et pourtant il existe une solution pourtant tr\u00e8s simple une fois qu&rsquo;on l&rsquo;a test\u00e9e : la marche au bureau ! Gr\u00e2ce \u00e0 la lib\u00e9ration d&rsquo;endorphines et l&rsquo;oxyg\u00e9nation du cerveau, vous \u00eates plus concentr\u00e9 et votre attention est boost\u00e9e. Vous \u00eates ainsi cr\u00e9atif et efficace toute la journ\u00e9e !<\/p>\n<p><strong>Trouvez la solution qui r\u00e9pondra \u00e0 vos besoins :<\/strong><\/p>\n<p>La s\u00e9rie<\/p>\n<h2>Les <em>20 raisons<\/em>, qu&rsquo;est-ce que c&rsquo;est ?&nbsp;<\/h2>\n<p>C&rsquo;est avant tout vous montrer les bienfaits de la marche sur le corps et l&rsquo;esprit ! Vous allez d\u00e9couvrir les b\u00e9n\u00e9fices insoup\u00e7onn\u00e9s de cette activit\u00e9 l\u00e9g\u00e8re physique, et cela, m\u00eame au niveau professionnel. Le Walking Desk est le nouveau concept innovant qui vous permettra d&rsquo;\u00eatre productif au travail. D\u00e9couvrez l&rsquo;ensemble des avantages de la marche au bureau&#8230;<\/p>\n<h2 style=\"text-align: center;\">TRAVAILLEZ EN MARCHANT !<\/h2>\n<h3 style=\"text-align: center;\">Que se passera-t-il quand vous marcherez davantage ?<\/h3>\n<p><span><img decoding=\"async\" alt=\"\" data-id=\"4892\" width=\"87\" data-init-width=\"300\" height=\"87\" data-init-height=\"300\" title=\"Re\u0301duction du stress\" loading=\"lazy\" src=\"https:\/\/activup.net\/wp-content\/uploads\/2022\/06\/Re\u0301duction-du-stress-300x300.png\" data-width=\"87\" data-height=\"87\"><\/span><\/p>\n<h4 style=\"text-align: left; padding-bottom: 0px !important; margin-bottom: 0px !important;\">R\u00e9duction du stress<\/h4>\n<p style=\"text-align: left;\">L&rsquo;oxyg\u00e9nation et la lib\u00e9ration des endorphines r\u00e9duisent l\u2019anxi\u00e9t\u00e9, la tension et la pression art\u00e9rielle.<\/p>\n<p><span><img decoding=\"async\" alt=\"\" data-id=\"4891\" width=\"87\" data-init-width=\"300\" height=\"87\" data-init-height=\"300\" title=\"Plus de mal de dos\" loading=\"lazy\" src=\"https:\/\/activup.net\/wp-content\/uploads\/2022\/06\/Plus-de-mal-de-dos-300x300.png\" data-width=\"87\" data-height=\"87\" style=\"\"><\/span><\/p>\n<h4 style=\"text-align: left;\">Fini le mal de dos<\/h4>\n<p style=\"text-align: left;\">Marcher permet d&rsquo;\u00e9tirer les muscles dorsaux et la posture droite de rel\u00e2cher les tensions.<\/p>\n<p><span><img decoding=\"async\" alt=\"\" data-id=\"4887\" width=\"87\" data-init-width=\"300\" height=\"87\" data-init-height=\"300\" title=\"Gain de temps\" loading=\"lazy\" src=\"https:\/\/activup.net\/wp-content\/uploads\/2022\/06\/Gain-de-temps-300x300.png\" data-width=\"87\" data-height=\"87\" style=\"\"><\/span><\/p>\n<h4 style=\"text-align: left; padding-bottom: 0px !important; margin-bottom: 0px !important;\">Gain de temps<\/h4>\n<p style=\"text-align: left;\">Mieux que le sport, marcher au bureau a le m\u00eame effet sur la sant\u00e9, sans investir de temps.<\/p>\n<p><span><img decoding=\"async\" alt=\"\" data-id=\"4889\" width=\"87\" data-init-width=\"300\" height=\"87\" data-init-height=\"300\" title=\"Plus cre\u0301atif\" loading=\"lazy\" src=\"https:\/\/activup.net\/wp-content\/uploads\/2022\/06\/Plus-cre\u0301atif-300x300.png\" data-width=\"87\" data-height=\"87\" style=\"\"><\/span><\/p>\n<h4 style=\"text-align: left;\">Boost de la cr\u00e9ativit\u00e9<\/h4>\n<p style=\"text-align: left;\">La marche au bureau permet d&rsquo;augmenter la cr\u00e9ativit\u00e9 de 28%, selon une \u00e9tude de Stanford.<\/p>\n<p><span><img decoding=\"async\" alt=\"\" data-id=\"4888\" width=\"87\" data-init-width=\"300\" height=\"87\" data-init-height=\"300\" title=\"Meilleur sommeil\" loading=\"lazy\" src=\"https:\/\/activup.net\/wp-content\/uploads\/2022\/06\/Meilleur-sommeil-300x300.png\" data-width=\"87\" data-height=\"87\" style=\"\"><\/span><\/p>\n<h4 style=\"text-align: left;\">Meilleur sommeil<\/h4>\n<p style=\"text-align: left;\">Si vous marchez 30 min \u00e0 1h doucement, vous serez dans un \u00e9tat relax\u00e9 qui permet de mieux dormir.<\/p>\n<p><span><img decoding=\"async\" alt=\"\" data-id=\"4890\" width=\"87\" data-init-width=\"300\" height=\"87\" data-init-height=\"300\" title=\"Plus d'e\u0301nergie\" loading=\"lazy\" src=\"https:\/\/activup.net\/wp-content\/uploads\/2022\/06\/Plus-de\u0301nergie-300x300.png\" data-width=\"87\" data-height=\"87\" style=\"\"><\/span><\/p>\n<h4 style=\"text-align: left;\">Plus d&rsquo;\u00e9nergie<\/h4>\n<p style=\"text-align: left;\">Marcher oxyg\u00e8ne votre cerveau et lib\u00e8re des hormones qui vont booster votre \u00e9nergie<\/p>\n<h3 style=\"text-align: center;\"><strong>Tout savoir sur les b\u00e9n\u00e9fices du Walking Desk :<\/strong><\/h3>\n<p style=\"text-align: center;\"><strong>Guide gratuit, sans obligation d&rsquo;achat<\/strong><\/p>\n<h2 style=\"text-align: center;\"><strong> ActivUP, la r\u00e9f\u00e9rence du Walking Desk<\/strong><\/h2>\n<h3 style=\"text-align: center;\"><span style=\"\">Plus de 300 clients<\/span><\/h3>\n<p><span><img decoding=\"async\" alt=\"\" data-id=\"175\" width=\"350\" data-init-width=\"640\" height=\"197\" data-init-height=\"360\" title=\"references-clients-ActivUP-2020-640x360-1\" loading=\"lazy\" src=\"https:\/\/activup.net\/wp-content\/uploads\/2020\/05\/references-clients-ActivUP-2020-640x360-1.jpg\" data-width=\"350\" data-height=\"197\" style=\"\"><\/span><\/p>\n<h3 style=\"text-align: center;\">23 passages TV<\/h3>\n<p><span><a href=\"https:\/\/activup.net\/fr\/presse\/\" data-shortcode-id=\"27\" data-dynamic-link=\"thrive_global_fields_url\"><img decoding=\"async\" alt=\"\" data-id=\"176\" width=\"339\" data-init-width=\"640\" height=\"191\" data-init-height=\"360\" title=\"retombees-presse-640x360-1\" loading=\"lazy\" src=\"https:\/\/activup.net\/wp-content\/uploads\/2020\/05\/retombees-presse-640x360-1.jpg\" data-width=\"339\" data-height=\"191\" data-link-wrap=\"true\"><\/a><\/span><\/p>\n<h3 style=\"text-align: center;\">Une solution prim\u00e9e<\/h3>\n<p><span><a href=\"https:\/\/activup.net\/fr\/distinctions\/\" data-shortcode-id=\"28\" data-dynamic-link=\"thrive_global_fields_url\"><img decoding=\"async\" alt=\"\" data-id=\"174\" width=\"339\" data-init-width=\"640\" height=\"191\" data-init-height=\"360\" title=\"infographie-trophee-640x360\" loading=\"lazy\" src=\"https:\/\/activup.net\/wp-content\/uploads\/2020\/05\/infographie-trophee-640x360-1.jpg\" data-width=\"339\" data-height=\"191\" data-link-wrap=\"true\"><\/a><\/span><\/p>\n<p style=\"\"><strong>LE GUIDE<\/strong><\/p>\n<h3><strong>\u00ab\u00a0Bouger plus pour travailler mieux\u00a0\u00bb<\/strong><\/h3>\n<p style=\"text-align: justify;\">Remplissez le formulaire et recevez par email ce guide au format ebook en PDF, qui explique la m\u00e9thode utilis\u00e9e par Marc Thouvenin, pour devenir plus productif.<\/p>\n<p>Cette m\u00e9thode est applicable \u00e0 tous ceux qui travaillent beaucoup, n&rsquo;ont pas assez de temps pour faire du sport et qui veulent \u00eatre productif toute la journ\u00e9e.&nbsp;<\/p>\n<p style=\"text-align: center;\">Guide gratuit<\/p>\n<p><span><img decoding=\"async\" alt=\"\" data-id=\"1990\" width=\"323\" data-init-width=\"914\" height=\"299\" data-init-height=\"846\" title=\"Guide-LivreBlanc-Teletravail-BougerPlus-107-cover3D-45deg\" loading=\"lazy\" src=\"https:\/\/activup.net\/wp-content\/uploads\/2021\/12\/Guide-LivreBlanc-Teletravail-BougerPlus-107-cover3D-45deg.png\" data-width=\"323\" data-height=\"299\" style=\"\"><\/span><\/p>\n<h5>Pourquoi bouger<\/h5>\n<p>Tous les b\u00e9n\u00e9fices sant\u00e9, bien-\u00eatre et performance, sont abord\u00e9s, ainsi que l&rsquo;adaptation \u00e0 l&rsquo;environnement de bureau.<\/p>\n<h5>Les conditions pour r\u00e9ussir<\/h5>\n<p>Choisissez d&rsquo;adopter la bonne attitude gagnante pour devenir plus productif en vous faisant plaisir.&nbsp;<\/p>\n<h5>Mesurer ses progr\u00e8s<\/h5>\n<p>Les astuces pour r\u00e9ussir \u00e0 court terme et moyen terme. Et comment pour \u00eatre productif jusqu&rsquo;\u00e0 la fin de votre vie !<\/p>\n<h5>Am\u00e9nager son bureau<\/h5>\n<p>D\u00e9couvrez comment votre espace de travail peut devenir le meilleur moyen pour devenir productif, rester fit et inspirer les autres \u00e0 le faire aussi.<\/p>\n","protected":false},"excerpt":{"rendered":"<p>Je (re)deviens productif Tout au long de la journ\u00e9e \u00c9pisode 1 : Je perds du poids&nbsp; Episode 18 de la s\u00e9rie&nbsp;20 raisons de travailler en marchant D\u00e9couvrez&nbsp;LA nouvelle m\u00e9thode pour devenir productif au quotidien :&nbsp; Voir la s\u00e9rie Episode 19 :&nbsp; Passez \u00e0 l&rsquo;action Episode 18 de la s\u00e9rie&nbsp;20 raisons de travailler en marchant D\u00e9couvrez&nbsp;LA [&hellip;]<\/p>\n","protected":false},"author":15,"featured_media":6122,"parent":5089,"menu_order":18,"comment_status":"closed","ping_status":"closed","template":"","meta":{"_seopress_robots_primary_cat":"","_seopress_titles_title":"Je (re)deviens productif -ActivUP - S\u00e9rie 20 raisons de travailler en marchant","_seopress_titles_desc":"Le Walking Desk permet de devenir plus productif au travail, tout en soignant sa sant\u00e9. ","_seopress_robots_index":"","bwfblock_default_font":"","footnotes":""},"wf_page_folders":[125],"class_list":["post-5043","page","type-page","status-publish","has-post-thumbnail","hentry","post-wrapper","thrv_wrapper"],"_links":{"self":[{"href":"https:\/\/activup.net\/fr\/wp-json\/wp\/v2\/pages\/5043","targetHints":{"allow":["GET"]}}],"collection":[{"href":"https:\/\/activup.net\/fr\/wp-json\/wp\/v2\/pages"}],"about":[{"href":"https:\/\/activup.net\/fr\/wp-json\/wp\/v2\/types\/page"}],"author":[{"embeddable":true,"href":"https:\/\/activup.net\/fr\/wp-json\/wp\/v2\/users\/15"}],"replies":[{"embeddable":true,"href":"https:\/\/activup.net\/fr\/wp-json\/wp\/v2\/comments?post=5043"}],"version-history":[{"count":24,"href":"https:\/\/activup.net\/fr\/wp-json\/wp\/v2\/pages\/5043\/revisions"}],"predecessor-version":[{"id":18379,"href":"https:\/\/activup.net\/fr\/wp-json\/wp\/v2\/pages\/5043\/revisions\/18379"}],"up":[{"embeddable":true,"href":"https:\/\/activup.net\/fr\/wp-json\/wp\/v2\/pages\/5089"}],"wp:featuredmedia":[{"embeddable":true,"href":"https:\/\/activup.net\/fr\/wp-json\/wp\/v2\/media\/6122"}],"wp:attachment":[{"href":"https:\/\/activup.net\/fr\/wp-json\/wp\/v2\/media?parent=5043"}],"wp:term":[{"taxonomy":"wf_page_folders","embeddable":true,"href":"https:\/\/activup.net\/fr\/wp-json\/wp\/v2\/wf_page_folders?post=5043"}],"curies":[{"name":"wp","href":"https:\/\/api.w.org\/{rel}","templated":true}]}}