{"id":524,"date":"2020-08-09T08:47:29","date_gmt":"2020-08-09T06:47:29","guid":{"rendered":"https:\/\/activupnet.eu2.copilhost.cloud\/?page_id=524"},"modified":"2023-03-13T13:43:14","modified_gmt":"2023-03-13T11:43:14","slug":"maladies-chroniques-walking-desk","status":"publish","type":"page","link":"https:\/\/activup.net\/fr\/maladies-chroniques-walking-desk\/","title":{"rendered":"Marcher pour soigner les maladies chroniques"},"content":{"rendered":"<h1 id=\"t-1596955757025\" style=\"text-align: center;\">Walking Desk &amp; maladies chroniques<\/h1>\n<p style=\"text-align: center;\">Soignez les maladies chroniques en marchant<\/p>\n<p style=\"text-align: center;\">La marche au bureau sur un Walking Desk ActivUP contribue \u00e0 pr\u00e9venir et soigner, de nombreuses maladies chroniques : surpoids, ob\u00e9sit\u00e9, diab\u00e8te, mal de dos, cancer, maladies cardio-vasculaires, parkinson, jambes sans repos, alzheimer et bien d&rsquo;autres.<\/p>\n<h2 id=\"t-1596955757026\" style=\"text-align: left; color: var(--tcb-skin-color-2)  !important; --tcb-applied-color:var$(--tcb-skin-color-2)  !important;\">Pr\u00e9venez, et m\u00eame soignez, ces maladies gr\u00e2ce \u00e0 la marche sur tapis roulant au bureau<\/h2>\n<p><span><img decoding=\"async\" alt=\"\" data-id=\"294\" width=\"60\" data-init-width=\"256\" height=\"60\" data-init-height=\"256\" title=\"weightloss-2622022\" src=\"https:\/\/activup.net\/wp-content\/uploads\/2020\/05\/weightloss-2622022.png\" data-width=\"60\" data-height=\"60\" style=\"\" loading=\"lazy\"><\/span><\/p>\n<h3 id=\"t-1596955757027\" style=\"text-align: center;\">Ob\u00e9sit\u00e9 &amp; surpoids<\/h3>\n<p><span><img decoding=\"async\" alt=\"\" data-id=\"141\" width=\"60\" data-init-width=\"512\" height=\"60\" data-init-height=\"512\" title=\"back-pain-1683154\" loading=\"lazy\" src=\"https:\/\/activup.net\/wp-content\/uploads\/2020\/05\/back-pain-1683154.png\" data-width=\"60\" data-height=\"60\" style=\"\"><\/span><\/p>\n<h3 id=\"t-1596955757028\" style=\"text-align: center;\">Mal de dos<\/h3>\n<p><span><img decoding=\"async\" alt=\"\" data-id=\"165\" width=\"57\" data-init-width=\"512\" height=\"57\" data-init-height=\"512\" title=\"blood\" loading=\"lazy\" src=\"https:\/\/activup.net\/wp-content\/uploads\/2020\/05\/blood.png\" data-width=\"57\" data-height=\"57\" style=\"\"><\/span><\/p>\n<h3 id=\"t-1596955757029\" style=\"text-align: center;\">Cardio-vasculaire<\/h3>\n<p><span><img decoding=\"async\" alt=\"\" data-id=\"171\" width=\"58\" data-init-width=\"512\" height=\"58\" data-init-height=\"512\" title=\"029-diabetes\" loading=\"lazy\" src=\"https:\/\/activup.net\/wp-content\/uploads\/2020\/05\/029-diabetes.png\" data-width=\"58\" data-height=\"58\" style=\"\"><\/span><\/p>\n<h3 id=\"t-1596955757027\" style=\"text-align: center;\">Diab\u00e8te<\/h3>\n<p><span><img decoding=\"async\" alt=\"\" data-id=\"154\" width=\"60\" data-init-width=\"512\" height=\"60\" data-init-height=\"512\" title=\"prevention\" loading=\"lazy\" src=\"https:\/\/activup.net\/wp-content\/uploads\/2020\/05\/prevention.png\" data-width=\"60\" data-height=\"60\" style=\"\"><\/span><\/p>\n<h3 id=\"t-1596955757028\" style=\"text-align: center;\">Cancer<\/h3>\n<h3 id=\"t-1596955757029\" style=\"text-align: center;\">Autres bienfaits : syst\u00e8me immunitaire circulation sanguine<\/h3>\n<h2>Plus de 35 maladies chroniques soign\u00e9es gr\u00e2ce \u00e0 la marche, selon le professeur Fran\u00e7ois Carr\u00e9<\/h2>\n<p>Extrait du reportage de la T\u00e9l\u00e9vision Suisse Romande \u00ab La chaise qui tue \u00bb, <a href=\"https:\/\/activup.net\/fr\/presse\/\" data-shortcode-id=\"27\" data-dynamic-link=\"thrive_global_fields_url\" data-custom-shortcode=\"\" target=\"_blank\" style=\"outline: none;\" rel=\"noopener\">voir le reportage entier ici<\/a>.<\/p>\n<p>Ob\u00e9sit\u00e9<\/p>\n<h2>R\u00e9duire le surpoids<\/h2>\n<p style=\"text-align: justify;\">\u00ab Il est faux de croire qu\u2019un aliment fait grossir alors que le probl\u00e8me est global, c\u2019est une question de quantit\u00e9 et d\u2019activit\u00e9 physique. \u00bb<strong>Pr Jean-Michel Lecerf<\/strong>, Chef du service de nutrition de l\u2019Institut Pasteur de Lille, Sp\u00e9cialiste en endocrinologie et en maladies m\u00e9taboliques<\/p>\n<p><span><img decoding=\"async\" alt=\"\" data-id=\"209\" width=\"400\" data-init-width=\"600\" height=\"300\" data-init-height=\"450\" title=\"balance-connectee-h\" src=\"https:\/\/activup.net\/wp-content\/uploads\/2020\/05\/balance-connectee-h.jpg\" data-width=\"400\" data-height=\"300\" style=\"\" loading=\"lazy\"><\/span><\/p>\n<p>MAL DE DOS<\/p>\n<h2>Soulager les maux de dos<\/h2>\n<p><span><img decoding=\"async\" alt=\"\" data-id=\"204\" width=\"400\" data-init-width=\"600\" height=\"300\" data-init-height=\"450\" title=\"dos-ressort-multicolore\" src=\"https:\/\/activup.net\/wp-content\/uploads\/2020\/05\/dos-ressort-multicolore.jpg\" data-width=\"400\" data-height=\"300\" style=\"\" loading=\"lazy\"><\/span><\/p>\n<p style=\"text-align: justify;\">\u00ab La marche est recommand\u00e9e pour le mal de dos. La pathologie du dos peut commencer par une l\u00e9sion au niveau du pied. Lorsque l&rsquo;on a de mauvais appuis, cela peut entra\u00eener des douleurs jusqu&rsquo;aux cervicales. Et la marche va \u00e9quilibrer cet ensemble du pied jusqu&rsquo;aux cervicales et peut soulager le dos. Quand on a mal au dos, la marche peut soulager le dos. \u00bb<strong>Dr Linh Vu Ngoc, M\u00e9decin du sport<\/strong><\/p>\n<p>Maladies cardio-vasculaires<\/p>\n<h2>Soigner le c\u0153ur<\/h2>\n<p style=\"text-align: justify;\">L&rsquo;activit\u00e9 physique a un effet positif dans la pr\u00e9vention et le soin des maladies cardio-vasculaires.De nombreuses \u00e9tudes \u00e9pid\u00e9miologiques ont d\u00e9montr\u00e9 l&rsquo;efficacit\u00e9 de l&rsquo;exercice physique. Notamment, une \u00e9tude sur 12 135 hommes \u00e2g\u00e9s de 35 \u00e0 57 ans a montr\u00e9 qu&rsquo;une activit\u00e9 physique mod\u00e9r\u00e9e r\u00e9guli\u00e8re entra\u00eenait une r\u00e9duction de 25% sur la mortalit\u00e9 par accident cardio-vasculaire.<\/p>\n<p><span><img decoding=\"async\" alt=\"\" data-id=\"207\" width=\"400\" data-init-width=\"600\" height=\"300\" data-init-height=\"450\" title=\"coeur-podometre-frequence-h\" src=\"https:\/\/activup.net\/wp-content\/uploads\/2020\/05\/coeur-podometre-frequence-h.jpg\" data-width=\"400\" data-height=\"300\" style=\"\" loading=\"lazy\"><\/span><\/p>\n<p>Diab\u00e8te<\/p>\n<h2>Maitriser la glyc\u00e9mie<\/h2>\n<p><span><img decoding=\"async\" alt=\"\" data-id=\"208\" width=\"400\" data-init-width=\"600\" height=\"300\" data-init-height=\"450\" title=\"diabete-macaron\" src=\"https:\/\/activup.net\/wp-content\/uploads\/2020\/05\/diabete-macaron.jpg\" data-width=\"400\" data-height=\"300\" style=\"\" loading=\"lazy\"><\/span><\/p>\n<p style=\"text-align: justify;\">\u00ab Le fait de marcher tous les jours permet d\u2019am\u00e9liorer significativement l\u2019\u00e9quilibre glyc\u00e9mique, pour tous mais surtout chez les diab\u00e9tiques. Chez ces derniers, la marche am\u00e9liore l\u2019\u00e9tat de sant\u00e9 g\u00e9n\u00e9rale (pression art\u00e9rielle, taux de cholest\u00e9rol, \u2026). Elle peut dans certains cas suffire au traitement et remplacer alors une m\u00e9dicamentation. \u00bb<strong>Pr Martine Duclos<\/strong>, Conseill\u00e8re scientifique plac\u00e9e aupr\u00e8s du Minist\u00e8re en charge des sports<\/p>\n<p>Cancer<\/p>\n<h2>Soigner le cancer<\/h2>\n<p style=\"text-align: justify;\">Des \u00e9tudes ont montr\u00e9 que l\u2019activit\u00e9 physique peut r\u00e9duire de 20 % le risque de cancer, d\u00e8s 30 minutes de marche par jour, soit 2h30 par semaine.L&rsquo;activit\u00e9 physique est aujourd&rsquo;hui reconnue par l&rsquo;OMS comme un m\u00e9dicament contre le cancer, \u00e0 la fois en pr\u00e9vention et en soin. Depuis 2017, le sport et l&rsquo;activit\u00e9 physique adapt\u00e9e peuvent \u00eatre prescrits par ordonnance par le m\u00e9decin traitant.<\/p>\n<p><span><img decoding=\"async\" alt=\"\" data-id=\"205\" width=\"400\" data-init-width=\"600\" height=\"300\" data-init-height=\"450\" title=\"cancer-ruban-orange\" src=\"https:\/\/activup.net\/wp-content\/uploads\/2020\/05\/cancer-ruban-orange.jpg\" data-width=\"400\" data-height=\"300\" loading=\"lazy\" style=\"\"><\/span><\/p>\n<p>Immunologie<\/p>\n<h2>Renforcer le syst\u00e8me immunitaire<\/h2>\n<p style=\"text-align: justify;\">Le syst\u00e8me immunitaire prot\u00e8ge votre corps des envahisseurs, comme les bact\u00e9ries et les virus. Sa force d\u00e9pend fortement des habitudes de vie. Le fait de ne pas pratiquer d\u2019activit\u00e9 physique, d&rsquo;\u00eatre stress\u00e9, fatigu\u00e9 ou en surpoids affaiblissent votre syst\u00e8me immunitaire.Pour le renforcer, il est donc recommand\u00e9 de surveiller son alimentation, mais aussi de faire de l&rsquo;activit\u00e9 physique, comme les sports de marche : la marche rapide ou la marche nordique.<\/p>\n<p><span><img decoding=\"async\" alt=\"\" data-id=\"203\" width=\"500\" data-init-width=\"600\" height=\"375\" data-init-height=\"450\" title=\"systeme-immunitaire-600x450-1\" src=\"https:\/\/activup.net\/wp-content\/uploads\/2020\/05\/systeme-immunitaire-600x450-1.jpg\" data-width=\"500\" data-height=\"375\" style=\"\" loading=\"lazy\"><\/span><\/p>\n<p>Sant\u00e9 vasculaire<\/p>\n<h2>Am\u00e9liorer encore la circulation sanguine<\/h2>\n<p style=\"text-align: justify;\">Notre organisme contient des milliers de vaisseaux sanguins. Avec l\u2019aide du c\u0153ur et des muscles, ils permettent au sang de circuler partout dans le corps. Mais lorsque ce syst\u00e8me fonctionne mal, il ralentit ou bloque la circulation sanguine. Les cellules ont alors du mal \u00e0 obtenir l\u2019oxyg\u00e8ne et les nutriments dont elles ont besoin. La marche permet d&rsquo;activer la circulation. La marche peut \u00eatre rapide (marche nordique) ou lente, y compris au bureau sur Walking Desk.<\/p>\n<p><span><img decoding=\"async\" alt=\"\" data-id=\"202\" width=\"500\" data-init-width=\"600\" height=\"375\" data-init-height=\"450\" title=\"circulation-sanguine-coeur-600x450-1\" src=\"https:\/\/activup.net\/wp-content\/uploads\/2020\/05\/circulation-sanguine-coeur-600x450-1.jpg\" data-width=\"500\" data-height=\"375\" style=\"\" loading=\"lazy\"><\/span><\/p>\n<h2>Pl\u00e9biscit\u00e9e par les scientifiques<\/h2>\n<p>Au congr\u00e8s m\u00e9dical de Vichy en janvier 2019, les conf\u00e9renciers marchent sur un Walking Desk ActivUP pendant leur pr\u00e9sentation<\/p>\n<h2 style=\"text-align: center;\">&nbsp;ActivUP, la r\u00e9f\u00e9rence du Walking Desk<\/h2>\n<h3 style=\"text-align: center;\"><span>Plus de 300 clients<\/span><\/h3>\n<p><span><img decoding=\"async\" alt=\"\" data-id=\"175\" width=\"350\" data-init-width=\"640\" height=\"197\" data-init-height=\"360\" title=\"references-clients-ActivUP-2020-640x360-1\" loading=\"lazy\" src=\"https:\/\/activup.net\/wp-content\/uploads\/2020\/05\/references-clients-ActivUP-2020-640x360-1.jpg\" data-width=\"350\" data-height=\"197\" style=\"\"><\/span><\/p>\n<h3 style=\"text-align: center;\">23 passages TV<\/h3>\n<p><span><a href=\"https:\/\/activup.net\/fr\/presse\/\" data-shortcode-id=\"27\" data-dynamic-link=\"thrive_global_fields_url\"><img decoding=\"async\" alt=\"\" data-id=\"176\" width=\"339\" data-init-width=\"640\" height=\"191\" data-init-height=\"360\" title=\"retombees-presse-640x360-1\" loading=\"lazy\" src=\"https:\/\/activup.net\/wp-content\/uploads\/2020\/05\/retombees-presse-640x360-1.jpg\" data-width=\"339\" data-height=\"191\" data-link-wrap=\"true\"><\/a><\/span><\/p>\n<h3 style=\"text-align: center;\">Une solution prim\u00e9e<\/h3>\n<p><span><a href=\"https:\/\/activup.net\/fr\/distinctions\/\" data-shortcode-id=\"28\" data-dynamic-link=\"thrive_global_fields_url\"><img decoding=\"async\" alt=\"\" data-id=\"174\" width=\"339\" data-init-width=\"640\" height=\"191\" data-init-height=\"360\" title=\"infographie-trophee-640x360\" loading=\"lazy\" src=\"https:\/\/activup.net\/wp-content\/uploads\/2020\/05\/infographie-trophee-640x360-1.jpg\" data-width=\"339\" data-height=\"191\" data-link-wrap=\"true\"><\/a><\/span>     <\/p>\n<h2>Contactez-nous<\/h2>\n<p>Vous souhaitez en savoir plus et m\u00eame tester le Walking Desk dans votre entreprise ou dans notre showroom ?<\/p>\n<p><span><img decoding=\"async\" alt=\"\" data-id=\"571\" width=\"164\" data-init-width=\"300\" height=\"164\" data-init-height=\"300\" title=\"telemarketing-call-center-transparent-600sq\" loading=\"lazy\" src=\"https:\/\/activup.net\/wp-content\/uploads\/2020\/11\/telemarketing-call-center-transparent-600sq-300x300.png\" data-width=\"164\" data-height=\"164\" style=\"\"><\/span>  <\/p>\n<p><strong>Nos showrooms<\/strong> (sur RDV exclusivement)<\/p>\n<p><strong>Paris 17e<\/strong> : 27 rue des Renaudes<\/p>\n<p><strong>Archamps<\/strong> (Haute-Savoie)<\/p>\n<p>Appelez-nous au<\/p>\n<p><span data-attr-id=\"3\" data-extra_key=\"1\" data-option-inline=\"1\" data-shortcode=\"thrive_global_fields\" data-shortcode-name=\"[Company] Phone number\">+33 1 85 08 60 18<\/span><\/p>\n<p>[tcb-script charset=\u00a0\u00bbutf-8&Prime; type=\u00a0\u00bbtext\/javascript\u00a0\u00bb src=\u00a0\u00bb\/\/js.hsforms.net\/forms\/shell.js\u00a0\u00bb][\/tcb-script] [tcb-script] hbspt.forms.create({ portalId: \u00ab\u00a03959277\u00a0\u00bb, formId: \u00ab\u00a064249f84-222c-4072-9249-8fbc859e8545\u00a0\u00bb }); [\/tcb-script]  <\/p>\n","protected":false},"excerpt":{"rendered":"<p>Walking Desk &amp; maladies chroniques Soignez les maladies chroniques en marchant La marche au bureau sur un Walking Desk ActivUP contribue \u00e0 pr\u00e9venir et soigner, de nombreuses maladies chroniques : surpoids, ob\u00e9sit\u00e9, diab\u00e8te, mal de dos, cancer, maladies cardio-vasculaires, parkinson, jambes sans repos, alzheimer et bien d&rsquo;autres. Pr\u00e9venez, et m\u00eame soignez, ces maladies gr\u00e2ce \u00e0 [&hellip;]<\/p>\n","protected":false},"author":4,"featured_media":0,"parent":0,"menu_order":0,"comment_status":"closed","ping_status":"closed","template":"","meta":{"_seopress_robots_primary_cat":"","_seopress_titles_title":"ActivUP - Marcher pour soigner les maladies chroniques","_seopress_titles_desc":"La marche au bureau sur un Walking Desk ActivUP contribue \u00e0 pr\u00e9venir et soigner, de nombreuses maladies chroniques : surpoids, ob\u00e9sit\u00e9, diab\u00e8te, mal de dos, cancer, cardio-vasculaire, etc","_seopress_robots_index":"","bwfblock_default_font":"","footnotes":""},"wf_page_folders":[76],"class_list":["post-524","page","type-page","status-publish","hentry","post-wrapper","thrv_wrapper"],"_links":{"self":[{"href":"https:\/\/activup.net\/fr\/wp-json\/wp\/v2\/pages\/524","targetHints":{"allow":["GET"]}}],"collection":[{"href":"https:\/\/activup.net\/fr\/wp-json\/wp\/v2\/pages"}],"about":[{"href":"https:\/\/activup.net\/fr\/wp-json\/wp\/v2\/types\/page"}],"author":[{"embeddable":true,"href":"https:\/\/activup.net\/fr\/wp-json\/wp\/v2\/users\/4"}],"replies":[{"embeddable":true,"href":"https:\/\/activup.net\/fr\/wp-json\/wp\/v2\/comments?post=524"}],"version-history":[{"count":26,"href":"https:\/\/activup.net\/fr\/wp-json\/wp\/v2\/pages\/524\/revisions"}],"predecessor-version":[{"id":11397,"href":"https:\/\/activup.net\/fr\/wp-json\/wp\/v2\/pages\/524\/revisions\/11397"}],"wp:attachment":[{"href":"https:\/\/activup.net\/fr\/wp-json\/wp\/v2\/media?parent=524"}],"wp:term":[{"taxonomy":"wf_page_folders","embeddable":true,"href":"https:\/\/activup.net\/fr\/wp-json\/wp\/v2\/wf_page_folders?post=524"}],"curies":[{"name":"wp","href":"https:\/\/api.w.org\/{rel}","templated":true}]}}