{"id":545,"date":"2020-08-14T12:12:58","date_gmt":"2020-08-14T10:12:58","guid":{"rendered":"https:\/\/activupnet.eu2.copilhost.cloud\/?page_id=545"},"modified":"2023-08-21T16:09:17","modified_gmt":"2023-08-21T14:09:17","slug":"conferences","status":"publish","type":"page","link":"https:\/\/activup.net\/fr\/conferences\/","title":{"rendered":"Conf\u00e9rences et webinaires"},"content":{"rendered":"<h1 style=\"text-align: center;\">Conf\u00e9rences &amp; Webinaires<\/h1>\n<p style=\"text-align: center;\">Comment maigrir au bureau ?<\/p>\n<p style=\"text-align: center;\">Les astuces &amp; la science<\/p>\n<h2 style=\"text-align: left;\">\u00ab Trop occup\u00e9 par votre business pour faire du sport ? \u00bb<\/h2>\n<h2 style=\"text-align: left;\">D\u00e9couvrez comment le Walking Desk peut vous faire gagner plusieurs heures par jour.<\/h2>\n<ul>\n<li><span style=\"\">Votre surpoids envol\u00e9<\/span><\/li>\n<\/ul>\n<ul>\n<li><span style=\"\">Votre Energie retrouv\u00e9e<\/span><\/li>\n<\/ul>\n<ul>\n<li><span style=\"\"><span style=\"\">VOTRE<\/span> efficacit\u00e9 d\u00e9cupl\u00e9e<\/span><\/li>\n<\/ul>\n<h2 style=\"text-align: center;\">On ne devrait pas avoir \u00e0 <strong>choisir&nbsp;<\/strong><strong><\/strong><strong>entre sa sant\u00e9<\/strong> et la&nbsp;<strong>performance<\/strong><strong>&nbsp;de son entreprise<\/strong> !<\/h2>\n<h3>Pourquoi bouger plus ?<\/h3>\n<p style=\"text-align: justify;\">Pour <strong>perdre du poids durablement,<\/strong> il faut faire de l&rsquo;activit\u00e9 physique: il faut faire suffisamment d&rsquo;exercice pour <strong>\u00e9liminer les calories en trop<\/strong>. Oui, mais combien, et \u00e0 quelle fr\u00e9quence ?<\/p>\n<h3>Sans y penser !<\/h3>\n<p style=\"text-align: justify;\">On peut <strong>maigrir sans y penser, sans y consacrer du temps<\/strong>. Mieux que le sport, la marche permet de <strong>maigrir<\/strong>. <strong>Marchez pendant que vous travaillez<\/strong>, plusieurs heures par jour.<\/p>\n<h3>Et quel r\u00e9sultat ?&nbsp;<\/h3>\n<p style=\"text-align: justify;\">Ce que cela va changer dans votre entreprise. Vous serez moins malade. De plus, l&rsquo;activit\u00e9 physique <strong>booste votre cerveau<\/strong> et vous allez <strong>sur-performer<\/strong>. Votre entreprise aussi.&nbsp;<\/p>\n<p>Contenu d\u00e9couverte<\/p>\n<h2>Mieux comprendre, c&rsquo;est mieux agir, et donc avoir plus de r\u00e9sultat<\/h2>\n<p style=\"text-align: justify;\">Avez-vous encore besoin d&rsquo;en savoir plus sur la marche, comme <strong>outil de sant\u00e9, de bien-\u00eatre et de productivit\u00e9<\/strong> ?<\/p>\n<p style=\"text-align: justify;\"><strong>ActivUP vous d\u00e9livre des conf\u00e9rences et des webinaires<\/strong> pour vous aider \u00e0 <strong>mesurer l&rsquo;ampleur des b\u00e9n\u00e9fices<\/strong> que l&rsquo;<strong>activit\u00e9 physique l\u00e9g\u00e8re<\/strong> peut vous apporter, \u00e0 la fois pour vous, vos proches et vos coll\u00e8gues.<\/p>\n<p>Conf\u00e9rence \u00e0 bruxelles<\/p>\n<h2>Ces petits kilos en trop qui vous emp\u00eachent de diriger sereinement<\/h2>\n<p>Comment les dirigeants peuvent perdre du poids, en contournant les biais de notre ADN.<\/p>\n<p>\u00ab l&rsquo;art de vivre ancestral (sain) adapt\u00e9 \u00e0 votre vie moderne \u00bb<\/p>\n<p><span><a href=\"https:\/\/activup.net\/fr\/conferences\/bruxelles-dirigeants-surpoids\/\" target=\"_blank\" rel=\"noopener\"><img decoding=\"async\" alt=\"\" data-id=\"1152\" width=\"533\" data-init-width=\"1024\" height=\"299\" data-init-height=\"575\" title=\"202001-ConfDeOuf-02-1000-AvPlayer\" loading=\"lazy\" src=\"https:\/\/activup.net\/wp-content\/uploads\/2021\/01\/202001-ConfDeOuf-02-1000-AvPlayer-1024x575.jpg\" data-width=\"533\" data-height=\"299\" style=\"aspect-ratio: auto 1024 \/ 575;\" data-link-wrap=\"true\"><\/a><\/span><\/p>\n<p>WEBINAIRE POUR DIRIGEANTS<\/p>\n<h2>Comment maigrir au bureau, sans r\u00e9gime ni sport<\/h2>\n<p>Comment les dirigeants peuvent perdre du poids, en contournant les biais de notre ADN.<\/p>\n<p>\u00ab l&rsquo;art de vivre ancestral (sain) adapt\u00e9 \u00e0 votre vie moderne \u00bb<\/p>\n<p><span><a href=\"https:\/\/activup.net\/fr\/webinaires\/maigriraubureau-dirigeants\/replay\/\" target=\"_blank\" rel=\"noopener\"><img decoding=\"async\" alt=\"\" data-id=\"1151\" width=\"533\" data-init-width=\"1024\" height=\"300\" data-init-height=\"576\" title=\"Webinaire-18092020-cover-player\" loading=\"lazy\" src=\"https:\/\/activup.net\/wp-content\/uploads\/2021\/01\/Webinaire-18092020-cover-player-1024x576.png\" data-width=\"533\" data-height=\"300\" style=\"aspect-ratio: auto 1024 \/ 576;\" data-link-wrap=\"true\"><\/a><\/span>  <\/p>\n<p style=\"text-align: center;\">Les Walking Desks chez nos clients<\/p>\n<h2 style=\"text-align: center;\">Une infinit\u00e9 d&rsquo;am\u00e9nagements possibles<\/h2>\n<p><span><img decoding=\"async\" alt=\"\" data-id=\"266\" width=\"253\" data-init-width=\"900\" height=\"169\" data-init-height=\"600\" title=\"BouyguesNextDoor-5-600pL\" src=\"https:\/\/activup.net\/wp-content\/uploads\/2020\/05\/BouyguesNextDoor-5-600pL.jpg\" data-width=\"253\" data-height=\"169\" style=\"aspect-ratio: auto 900 \/ 600;\" loading=\"lazy\"><\/span><span><img decoding=\"async\" alt=\"\" data-id=\"265\" width=\"253\" data-init-width=\"900\" height=\"169\" data-init-height=\"600\" title=\"AllianzRiviera-4336-600pL\" src=\"https:\/\/activup.net\/wp-content\/uploads\/2020\/05\/AllianzRiviera-4336-600pL.jpg\" data-width=\"253\" data-height=\"169\" loading=\"lazy\" style=\"aspect-ratio: auto 900 \/ 600;\"><\/span><span><img decoding=\"async\" alt=\"\" data-id=\"264\" width=\"253\" data-init-width=\"900\" height=\"169\" data-init-height=\"600\" title=\"SNCF-WalkingMeetingRoom-0836-600pL\" src=\"https:\/\/activup.net\/wp-content\/uploads\/2020\/05\/SNCF-WalkingMeetingRoom-0836-600pL.jpg\" data-width=\"253\" data-height=\"169\" loading=\"lazy\" style=\"aspect-ratio: auto 900 \/ 600;\"><\/span><span><img decoding=\"async\" alt=\"\" data-id=\"263\" width=\"253\" data-init-width=\"900\" height=\"169\" data-init-height=\"600\" title=\"WalkingMeetingRoom-2953-600pL\" src=\"https:\/\/activup.net\/wp-content\/uploads\/2020\/05\/WalkingMeetingRoom-2953-600pL.jpg\" data-width=\"253\" data-height=\"169\" loading=\"lazy\" style=\"aspect-ratio: auto 900 \/ 600;\"><\/span><span><img decoding=\"async\" alt=\"\" data-id=\"262\" width=\"253\" data-init-width=\"900\" height=\"169\" data-init-height=\"600\" title=\"LifespanHomeSetting600pL\" src=\"https:\/\/activup.net\/wp-content\/uploads\/2020\/05\/LifespanHomeSetting600pL.jpg\" data-width=\"253\" data-height=\"169\" style=\"aspect-ratio: auto 900 \/ 600;\" loading=\"lazy\"><\/span><span><img decoding=\"async\" alt=\"\" data-id=\"261\" width=\"253\" data-init-width=\"900\" height=\"169\" data-init-height=\"600\" title=\"Loreal-WalkingMeetingRoom-3741-600pL\" src=\"https:\/\/activup.net\/wp-content\/uploads\/2020\/05\/Loreal-WalkingMeetingRoom-3741-600pL.jpg\" data-width=\"253\" data-height=\"169\" loading=\"lazy\" style=\"aspect-ratio: auto 900 \/ 600;\"><\/span><span><img decoding=\"async\" alt=\"\" data-id=\"260\" width=\"253\" data-init-width=\"900\" height=\"169\" data-init-height=\"600\" title=\"LifespanCubicle600pL\" src=\"https:\/\/activup.net\/wp-content\/uploads\/2020\/05\/LifespanCubicle600pL.jpg\" data-width=\"253\" data-height=\"169\" loading=\"lazy\" style=\"aspect-ratio: auto 900 \/ 600;\"><\/span><span><img decoding=\"async\" alt=\"\" data-id=\"259\" width=\"253\" data-init-width=\"900\" height=\"169\" data-init-height=\"600\" title=\"EY-Lifespan-PingPong600pL\" src=\"https:\/\/activup.net\/wp-content\/uploads\/2020\/05\/EY-Lifespan-PingPong600pL.jpg\" data-width=\"253\" data-height=\"169\" loading=\"lazy\" style=\"aspect-ratio: auto 900 \/ 600;\"><\/span> <\/p>\n<p style=\"text-align: center;\">T\u00e9moignages<\/p>\n<h2 style=\"text-align: center;\">Ce que nos clients heureux pensent de nous<\/h2>\n<p>Tous les jours, je suis heureux d&rsquo;avoir d\u00e9couvert le walking desk. 12km de r\u00e9unions par jour et une p\u00eache d&rsquo;enfer ! D\u00e9j\u00e0 8kg perdus, rien qu&rsquo;en marchant.<\/p>\n<h4>Julien Coulon<\/h4>\n<p>DIrecteur g\u00e9n\u00e9ral<\/p>\n<p>Quand on s&rsquo;installe sur le Walking Desk, le plus \u00e9tonnant, c\u2019est qu\u2019on oublie totalement que l\u2019on marche, on est plus concentr\u00e9 sur le travail.<\/p>\n<h4>Arnaud V\u00e9rin&nbsp;<\/h4>\n<p>Entrepreneur<\/p>\n<p>Je marche chaque jour au moins 3 km sur mon Walking Desk ActivUP et je brule pr\u00e8s de 300 calories.<\/p>\n<p>Je ressens les b\u00e9n\u00e9fices sur ma silhouette.<\/p>\n<h4>Pascale Breton<\/h4>\n<p>Dirigeante<\/p>\n<h2>Contactez-nous<\/h2>\n<p>Vous souhaitez en savoir plus et m\u00eame tester le Walking Desk dans votre entreprise ou dans notre showroom ?<\/p>\n<p><span><img decoding=\"async\" alt=\"\" data-id=\"571\" width=\"164\" data-init-width=\"300\" height=\"164\" data-init-height=\"300\" title=\"telemarketing-call-center-transparent-600sq\" loading=\"lazy\" src=\"https:\/\/activup.net\/wp-content\/uploads\/2020\/11\/telemarketing-call-center-transparent-600sq-300x300.png\" data-width=\"164\" data-height=\"164\" style=\"aspect-ratio: auto 300 \/ 300;\"><\/span>  <\/p>\n<p><strong>Nos showrooms<\/strong> (sur RDV exclusivement)<\/p>\n<p><strong>Paris 17e<\/strong> : 27 rue des Renaudes<\/p>\n<p><strong>Archamps<\/strong> (Haute-Savoie)<\/p>\n<p>Appelez-nous au<\/p>\n<p><span data-attr-id=\"3\" data-extra_key=\"1\" data-option-inline=\"1\" data-shortcode=\"thrive_global_fields\" data-shortcode-name=\"[Company] Phone number\">+33 1 85 08 60 18<\/span><\/p>\n<p>[tcb-script charset=\u00a0\u00bbutf-8&Prime; type=\u00a0\u00bbtext\/javascript\u00a0\u00bb src=\u00a0\u00bb\/\/js.hsforms.net\/forms\/shell.js\u00a0\u00bb][\/tcb-script] [tcb-script] hbspt.forms.create({ portalId: \u00ab\u00a03959277\u00a0\u00bb, formId: \u00ab\u00a064249f84-222c-4072-9249-8fbc859e8545\u00a0\u00bb }); [\/tcb-script]  <\/p>\n","protected":false},"excerpt":{"rendered":"<p>Conf\u00e9rences &amp; Webinaires Comment maigrir au bureau ? Les astuces &amp; la science \u00ab Trop occup\u00e9 par votre business pour faire du sport ? \u00bb D\u00e9couvrez comment le Walking Desk peut vous faire gagner plusieurs heures par jour. Votre surpoids envol\u00e9 Votre Energie retrouv\u00e9e VOTRE efficacit\u00e9 d\u00e9cupl\u00e9e On ne devrait pas avoir \u00e0 choisir&nbsp;entre sa [&hellip;]<\/p>\n","protected":false},"author":4,"featured_media":0,"parent":0,"menu_order":0,"comment_status":"closed","ping_status":"closed","template":"","meta":{"_seopress_robots_primary_cat":"","_seopress_titles_title":"","_seopress_titles_desc":"","_seopress_robots_index":"","bwfblock_default_font":"","footnotes":""},"wf_page_folders":[79],"class_list":["post-545","page","type-page","status-publish","hentry","post-wrapper","thrv_wrapper"],"_links":{"self":[{"href":"https:\/\/activup.net\/fr\/wp-json\/wp\/v2\/pages\/545","targetHints":{"allow":["GET"]}}],"collection":[{"href":"https:\/\/activup.net\/fr\/wp-json\/wp\/v2\/pages"}],"about":[{"href":"https:\/\/activup.net\/fr\/wp-json\/wp\/v2\/types\/page"}],"author":[{"embeddable":true,"href":"https:\/\/activup.net\/fr\/wp-json\/wp\/v2\/users\/4"}],"replies":[{"embeddable":true,"href":"https:\/\/activup.net\/fr\/wp-json\/wp\/v2\/comments?post=545"}],"version-history":[{"count":30,"href":"https:\/\/activup.net\/fr\/wp-json\/wp\/v2\/pages\/545\/revisions"}],"predecessor-version":[{"id":16765,"href":"https:\/\/activup.net\/fr\/wp-json\/wp\/v2\/pages\/545\/revisions\/16765"}],"wp:attachment":[{"href":"https:\/\/activup.net\/fr\/wp-json\/wp\/v2\/media?parent=545"}],"wp:term":[{"taxonomy":"wf_page_folders","embeddable":true,"href":"https:\/\/activup.net\/fr\/wp-json\/wp\/v2\/wf_page_folders?post=545"}],"curies":[{"name":"wp","href":"https:\/\/api.w.org\/{rel}","templated":true}]}}