{"id":561,"date":"2020-08-14T12:51:07","date_gmt":"2020-08-14T10:51:07","guid":{"rendered":"https:\/\/activupnet.eu2.copilhost.cloud\/?page_id=561"},"modified":"2023-06-19T18:04:16","modified_gmt":"2023-06-19T16:04:16","slug":"pdcnf","status":"publish","type":"page","link":"https:\/\/activup.net\/fr\/webinaires\/maigriraubureau-dirigeants\/replay\/pdcnf\/","title":{"rendered":"Webinaire \u00abMaigrir au bureau\u00bb Replay-pdcnf"},"content":{"rendered":"<h1 style=\"text-align: center;\">Replay du Webinaire<\/h1>\n<p style=\"text-align: center;\">Maigrir au bureau<\/p>\n<p style=\"text-align: center;\">sans r\u00e9gime, ni sport<\/p>\n<h2>Tout savoir sur cette m\u00e9thode g\u00e9niale pour <strong><span style=\"text-decoration: underline;\">maigrirsans y penser<\/span><\/strong><\/h2>\n<p>&gt;&gt; Le webinaire est maintenant termin\u00e9 mais vous pouvez toujours nous contacter pour une s\u00e9ance de coaching gratuite. Merci de bien vouloir regarder le replay ci-desssus au pr\u00e9alable.<\/p>\n<h2 style=\"text-align: center;\">PRENDRE RDV POUR UNE S\u00c9ANCE DE COACHING GRATUITE<\/h2>\n<p><!-- Calendly inline widget begin -->[tcb-script type=\u00a0\u00bbtext\/javascript\u00a0\u00bb src=\u00a0\u00bbhttps:\/\/assets.calendly.com\/assets\/external\/widget.js\u00a0\u00bb async=\u00a0\u00bb\u00a0\u00bb][\/tcb-script]<!-- Calendly inline widget end -->      <\/p>\n<p style=\"text-align: center;\">Les Walking Desks chez nos clients<\/p>\n<h2 style=\"text-align: center;\">Une infinit\u00e9 d&rsquo;am\u00e9nagements possibles<\/h2>\n<p><span><img decoding=\"async\" alt=\"\" data-id=\"266\" width=\"253\" data-init-width=\"900\" height=\"169\" data-init-height=\"600\" title=\"BouyguesNextDoor-5-600pL\" src=\"https:\/\/activup.net\/wp-content\/uploads\/2020\/05\/BouyguesNextDoor-5-600pL.jpg\" data-width=\"253\" data-height=\"169\" style=\"\" loading=\"lazy\"><\/span><span><img decoding=\"async\" alt=\"\" data-id=\"265\" width=\"253\" data-init-width=\"900\" height=\"169\" data-init-height=\"600\" title=\"AllianzRiviera-4336-600pL\" src=\"https:\/\/activup.net\/wp-content\/uploads\/2020\/05\/AllianzRiviera-4336-600pL.jpg\" data-width=\"253\" data-height=\"169\" loading=\"lazy\"><\/span><span><img decoding=\"async\" alt=\"\" data-id=\"264\" width=\"253\" data-init-width=\"900\" height=\"169\" data-init-height=\"600\" title=\"SNCF-WalkingMeetingRoom-0836-600pL\" src=\"https:\/\/activup.net\/wp-content\/uploads\/2020\/05\/SNCF-WalkingMeetingRoom-0836-600pL.jpg\" data-width=\"253\" data-height=\"169\" loading=\"lazy\"><\/span><span><img decoding=\"async\" alt=\"\" data-id=\"263\" width=\"253\" data-init-width=\"900\" height=\"169\" data-init-height=\"600\" title=\"WalkingMeetingRoom-2953-600pL\" src=\"https:\/\/activup.net\/wp-content\/uploads\/2020\/05\/WalkingMeetingRoom-2953-600pL.jpg\" data-width=\"253\" data-height=\"169\" loading=\"lazy\"><\/span><span><img decoding=\"async\" alt=\"\" data-id=\"262\" width=\"253\" data-init-width=\"900\" height=\"169\" data-init-height=\"600\" title=\"LifespanHomeSetting600pL\" src=\"https:\/\/activup.net\/wp-content\/uploads\/2020\/05\/LifespanHomeSetting600pL.jpg\" data-width=\"253\" data-height=\"169\" style=\"\" loading=\"lazy\"><\/span><span><img decoding=\"async\" alt=\"\" data-id=\"261\" width=\"253\" data-init-width=\"900\" height=\"169\" data-init-height=\"600\" title=\"Loreal-WalkingMeetingRoom-3741-600pL\" src=\"https:\/\/activup.net\/wp-content\/uploads\/2020\/05\/Loreal-WalkingMeetingRoom-3741-600pL.jpg\" data-width=\"253\" data-height=\"169\" loading=\"lazy\"><\/span><span><img decoding=\"async\" alt=\"\" data-id=\"260\" width=\"253\" data-init-width=\"900\" height=\"169\" data-init-height=\"600\" title=\"LifespanCubicle600pL\" src=\"https:\/\/activup.net\/wp-content\/uploads\/2020\/05\/LifespanCubicle600pL.jpg\" data-width=\"253\" data-height=\"169\" loading=\"lazy\"><\/span><span><img decoding=\"async\" alt=\"\" data-id=\"259\" width=\"253\" data-init-width=\"900\" height=\"169\" data-init-height=\"600\" title=\"EY-Lifespan-PingPong600pL\" src=\"https:\/\/activup.net\/wp-content\/uploads\/2020\/05\/EY-Lifespan-PingPong600pL.jpg\" data-width=\"253\" data-height=\"169\" loading=\"lazy\"><\/span>   <\/p>\n<p style=\"text-align: center;\">T\u00e9moignages<\/p>\n<h2 style=\"text-align: center;\">Ce que nos clients heureux pensent de nous<\/h2>\n<p>Tous les jours, je suis heureux d&rsquo;avoir d\u00e9couvert le walking desk. 12km de r\u00e9unions par jour et une p\u00eache d&rsquo;enfer ! D\u00e9j\u00e0 8kg perdus, rien qu&rsquo;en marchant.<\/p>\n<h4>Julien Coulon<\/h4>\n<p>DIrecteur g\u00e9n\u00e9ral<\/p>\n<p>Quand on s&rsquo;installe sur le Walking Desk, le plus \u00e9tonnant, c\u2019est qu\u2019on oublie totalement que l\u2019on marche, on est plus concentr\u00e9 sur le travail.<\/p>\n<h4>Arnaud V\u00e9rin&nbsp;<\/h4>\n<p>Entrepreneur<\/p>\n<p>Je marche chaque jour au moins 3 km sur mon Walking Desk ActivUP et je brule pr\u00e8s de 300 calories.<\/p>\n<p>Je ressens les b\u00e9n\u00e9fices sur ma silhouette.<\/p>\n<h4>Pascale Breton<\/h4>\n<p>Dirigeante<\/p>\n<p>  <!-- Calendly inline widget begin -->[tcb-script type=\u00a0\u00bbtext\/javascript\u00a0\u00bb src=\u00a0\u00bbhttps:\/\/assets.calendly.com\/assets\/external\/widget.js\u00a0\u00bb async=\u00a0\u00bb\u00a0\u00bb][\/tcb-script]<!-- Calendly inline widget end --><\/p>\n","protected":false},"excerpt":{"rendered":"<p>Replay du Webinaire Maigrir au bureau sans r\u00e9gime, ni sport Tout savoir sur cette m\u00e9thode g\u00e9niale pour maigrirsans y penser &gt;&gt; Le webinaire est maintenant termin\u00e9 mais vous pouvez toujours nous contacter pour une s\u00e9ance de coaching gratuite. Merci de bien vouloir regarder le replay ci-desssus au pr\u00e9alable. PRENDRE RDV POUR UNE S\u00c9ANCE DE COACHING [&hellip;]<\/p>\n","protected":false},"author":4,"featured_media":0,"parent":1172,"menu_order":0,"comment_status":"closed","ping_status":"closed","template":"","meta":{"_seopress_robots_primary_cat":"","_seopress_titles_title":"Replay du Webinaire \u00abMaigrir au bureau\u00bb sp\u00e9cial dirigeants","_seopress_titles_desc":"","_seopress_robots_index":"yes","bwfblock_default_font":"","footnotes":""},"wf_page_folders":[133],"class_list":["post-561","page","type-page","status-publish","hentry","post-wrapper","thrv_wrapper"],"_links":{"self":[{"href":"https:\/\/activup.net\/fr\/wp-json\/wp\/v2\/pages\/561","targetHints":{"allow":["GET"]}}],"collection":[{"href":"https:\/\/activup.net\/fr\/wp-json\/wp\/v2\/pages"}],"about":[{"href":"https:\/\/activup.net\/fr\/wp-json\/wp\/v2\/types\/page"}],"author":[{"embeddable":true,"href":"https:\/\/activup.net\/fr\/wp-json\/wp\/v2\/users\/4"}],"replies":[{"embeddable":true,"href":"https:\/\/activup.net\/fr\/wp-json\/wp\/v2\/comments?post=561"}],"version-history":[{"count":26,"href":"https:\/\/activup.net\/fr\/wp-json\/wp\/v2\/pages\/561\/revisions"}],"predecessor-version":[{"id":14411,"href":"https:\/\/activup.net\/fr\/wp-json\/wp\/v2\/pages\/561\/revisions\/14411"}],"up":[{"embeddable":true,"href":"https:\/\/activup.net\/fr\/wp-json\/wp\/v2\/pages\/1172"}],"wp:attachment":[{"href":"https:\/\/activup.net\/fr\/wp-json\/wp\/v2\/media?parent=561"}],"wp:term":[{"taxonomy":"wf_page_folders","embeddable":true,"href":"https:\/\/activup.net\/fr\/wp-json\/wp\/v2\/wf_page_folders?post=561"}],"curies":[{"name":"wp","href":"https:\/\/api.w.org\/{rel}","templated":true}]}}