{"id":6915,"date":"2022-07-18T09:41:22","date_gmt":"2022-07-18T07:41:22","guid":{"rendered":"https:\/\/activupnet.eu2.copilhost.cloud\/webinaires\/revendeurs-sedemarquer\/clone-of-webinaire-revendeurs-se-demarquer-confirmation-inscription\/"},"modified":"2022-07-27T15:12:10","modified_gmt":"2022-07-27T13:12:10","slug":"replay-conf","status":"publish","type":"page","link":"https:\/\/activup.net\/fr\/webinaires\/revendeurs-sedemarquer\/replay-conf\/","title":{"rendered":"Webinaire Revendeurs Se d\u00e9marquer Confirmation Replay"},"content":{"rendered":"<p style=\"text-align: left;\">Vous aussi, vous pouvez vous d\u00e9marquer de la concurrence, en proposant \u00e0 vos clients le Walking Desk<\/p>\n<h2><strong>Merci pour votre inscription au replay de ce webinaire.<\/strong><\/h2>\n<h2>Vous allez recevoir une confirmation et le lien pour y acc\u00e9der par mail.<\/h2>\n<\/p>\n<p><span style=\"\"><img decoding=\"async\" alt=\"\" data-id=\"7638\" width=\"500\" data-init-width=\"500\" height=\"450\" data-init-height=\"450\" title=\"M (9)\" loading=\"lazy\" src=\"https:\/\/activup.net\/wp-content\/uploads\/2022\/07\/M-9.png\" data-width=\"500\" data-height=\"450\" style=\"\" mt-d=\"-5.990000000000009\"><\/span><\/p>\n<p style=\"text-align: center;\">Le lien vers le replay du webinaire vous sera envoy\u00e9 par email&nbsp;<\/p>\n<h2>Si vous n&rsquo;avez pas re\u00e7u notre email<\/h2>\n<p>Attendez quelques minutes, et \u00e9ventuellement, v\u00e9rifiez dans vos spams.<\/p>\n<\/p>\n<p>Si dans les 10 minutes qui viennent, vous ne l&rsquo;avez pas re\u00e7u, c&rsquo;est peut-\u00eatre une erreur de frappe sur votre email. Dans ce cas, veuillez recommencer en retournant \u00e0 la page pr\u00e9c\u00e9dente.&nbsp;<\/p>\n<\/p>\n<p>Vous pouvez aussi nous contacter ci-dessous.<\/p>\n","protected":false},"excerpt":{"rendered":"<p>Vous aussi, vous pouvez vous d\u00e9marquer de la concurrence, en proposant \u00e0 vos clients le Walking Desk Merci pour votre inscription au replay de ce webinaire. Vous allez recevoir une confirmation et le lien pour y acc\u00e9der par mail. Le lien vers le replay du webinaire vous sera envoy\u00e9 par email&nbsp; Si vous n&rsquo;avez pas [&hellip;]<\/p>\n","protected":false},"author":4,"featured_media":0,"parent":6602,"menu_order":0,"comment_status":"closed","ping_status":"closed","template":"","meta":{"_seopress_robots_primary_cat":"","_seopress_titles_title":"Confirmation Inscription au replay du Webinaire \u00ab Se d\u00e9marquer gr\u00e2ce au Walking Desk ActivUP \u00bb sp\u00e9cial revendeurs","_seopress_titles_desc":"D\u00e9couvrez le replay du webinaire &quot;Se d\u00e9marquer gr\u00e2ce au Walking Desk ActivUP&quot;","_seopress_robots_index":"yes","bwfblock_default_font":"","footnotes":""},"wf_page_folders":[132],"class_list":["post-6915","page","type-page","status-publish","hentry","post-wrapper","thrv_wrapper"],"_links":{"self":[{"href":"https:\/\/activup.net\/fr\/wp-json\/wp\/v2\/pages\/6915","targetHints":{"allow":["GET"]}}],"collection":[{"href":"https:\/\/activup.net\/fr\/wp-json\/wp\/v2\/pages"}],"about":[{"href":"https:\/\/activup.net\/fr\/wp-json\/wp\/v2\/types\/page"}],"author":[{"embeddable":true,"href":"https:\/\/activup.net\/fr\/wp-json\/wp\/v2\/users\/4"}],"replies":[{"embeddable":true,"href":"https:\/\/activup.net\/fr\/wp-json\/wp\/v2\/comments?post=6915"}],"version-history":[{"count":8,"href":"https:\/\/activup.net\/fr\/wp-json\/wp\/v2\/pages\/6915\/revisions"}],"predecessor-version":[{"id":7645,"href":"https:\/\/activup.net\/fr\/wp-json\/wp\/v2\/pages\/6915\/revisions\/7645"}],"up":[{"embeddable":true,"href":"https:\/\/activup.net\/fr\/wp-json\/wp\/v2\/pages\/6602"}],"wp:attachment":[{"href":"https:\/\/activup.net\/fr\/wp-json\/wp\/v2\/media?parent=6915"}],"wp:term":[{"taxonomy":"wf_page_folders","embeddable":true,"href":"https:\/\/activup.net\/fr\/wp-json\/wp\/v2\/wf_page_folders?post=6915"}],"curies":[{"name":"wp","href":"https:\/\/api.w.org\/{rel}","templated":true}]}}