{"id":7003,"date":"2022-07-18T16:11:10","date_gmt":"2022-07-18T14:11:10","guid":{"rendered":"https:\/\/activupnet.eu2.copilhost.cloud\/webinaires\/revendeurs-sedemarquer\/clone-of-webinaire-revendeurs-se-demarquer-confirmation-inscription\/"},"modified":"2022-07-27T07:42:05","modified_gmt":"2022-07-27T05:42:05","slug":"conf","status":"publish","type":"page","link":"https:\/\/activup.net\/fr\/webinaires\/revendeurs-ventesadditionnelles\/conf\/","title":{"rendered":"Webinaire Revendeurs Ventes additionnelles Conf Inscription"},"content":{"rendered":"<p style=\"text-align: center;\">Vous aussi, vous pouvez augmenter vos ventes additionnelles en proposant le Walking Desk<\/p>\n<h2><strong>Merci pour votre inscription au webinaire<\/strong><\/h2>\n<h2>Vous allez recevoir une confirmation par email.<\/h2>\n<\/p>\n<h2>Vous recevrez aussi un lien par email quelques heures avant le webinaire pour y acc\u00e9der.<\/h2>\n<p><span style=\"\"><img decoding=\"async\" alt=\"\" data-id=\"7114\" width=\"500\" data-init-width=\"500\" height=\"450\" data-init-height=\"450\" title=\"M (8)\" loading=\"lazy\" src=\"https:\/\/activup.net\/wp-content\/uploads\/2022\/07\/M-8.png\" data-width=\"500\" data-height=\"450\" style=\"\" mt-d=\"-1.990000000000009\"><\/span><\/p>\n<p style=\"text-align: center;\">le lien vers le webinaire vous sera envoy\u00e9 par email&nbsp;<\/p>\n<h2>Si vous n&rsquo;avez pas re\u00e7u notre email<\/h2>\n<p>Attendez quelques minutes, et \u00e9ventuellement, v\u00e9rifiez dans vos spams.<\/p>\n<\/p>\n<p>Si dans les 10 minutes qui viennent, vous ne l&rsquo;avez pas re\u00e7u, c&rsquo;est peut-\u00eatre une erreur de frappe sur votre email. Dans ce cas, veuillez recommencer en retournant \u00e0 la page pr\u00e9c\u00e9dente.&nbsp;<\/p>\n<\/p>\n<p>Vous pouvez aussi nous contacter ci-dessous.<\/p>\n<p>__CONFIG_group_edit__{\u00ab\u00a0k7g25n3o\u00a0\u00bb:{\u00ab\u00a0name\u00a0\u00bb:\u00a0\u00bbAll Icon(s)\u00a0\u00bb,\u00a0\u00bbsingular\u00a0\u00bb:\u00a0\u00bb&#8211; Icon %s\u00a0\u00bb},\u00a0\u00bbk7g25s38&Prime;:{\u00ab\u00a0name\u00a0\u00bb:\u00a0\u00bbAll Contact Detail(s)\u00a0\u00bb,\u00a0\u00bbsingular\u00a0\u00bb:\u00a0\u00bb&#8211; Text %s\u00a0\u00bb},\u00a0\u00bbk7g26hhs\u00a0\u00bb:{\u00ab\u00a0name\u00a0\u00bb:\u00a0\u00bbAll Contact Form Input(s)\u00a0\u00bb,\u00a0\u00bbsingular\u00a0\u00bb:\u00a0\u00bb&#8211; Contact Form Input %s\u00a0\u00bb}}__CONFIG_group_edit____CONFIG_local_colors__{\u00ab\u00a0colors\u00a0\u00bb:{\u00ab\u00a0c4549&Prime;:\u00a0\u00bbRoyal Blue\u00a0\u00bb,\u00a0\u00bb56de9&Prime;:\u00a0\u00bbAlabaster\u00a0\u00bb,\u00a0\u00bb6957a\u00a0\u00bb:\u00a0\u00bbBunker\u00a0\u00bb,\u00a0\u00bbae168&Prime;:\u00a0\u00bbRoyal Blue\u00a0\u00bb},\u00a0\u00bbgradients\u00a0\u00bb:{}}__CONFIG_local_colors__    <\/p>\n<h2>Contactez-nous<\/h2>\n<p>Vous souhaitez en savoir plus et m\u00eame tester le Walking Desk dans votre entreprise ou dans notre showroom ?<\/p>\n<p><span><img decoding=\"async\" alt=\"\" data-id=\"571\" width=\"164\" data-init-width=\"300\" height=\"164\" data-init-height=\"300\" title=\"telemarketing-call-center-transparent-600sq\" loading=\"lazy\" src=\"https:\/\/activup.net\/wp-content\/uploads\/2020\/11\/telemarketing-call-center-transparent-600sq-300x300.png\" data-width=\"164\" data-height=\"164\" style=\"\"><\/span>  <\/p>\n<p><strong>Nos showrooms<\/strong> (sur RDV exclusivement)<\/p>\n<p><strong>Paris 17e<\/strong> : 27 rue des Renaudes<\/p>\n<p><strong>Archamps<\/strong> (Haute-Savoie)<\/p>\n<p>Appelez-nous au<\/p>\n<p><span data-attr-id=\"3\" data-extra_key=\"1\" data-option-inline=\"1\" data-shortcode=\"thrive_global_fields\" data-shortcode-name=\"[Company] Phone number\">+33 1 85 08 60 18<\/span><\/p>\n<p>[tcb-script charset=\u00a0\u00bbutf-8&Prime; type=\u00a0\u00bbtext\/javascript\u00a0\u00bb src=\u00a0\u00bb\/\/js.hsforms.net\/forms\/shell.js\u00a0\u00bb][\/tcb-script] [tcb-script] hbspt.forms.create({ portalId: \u00ab\u00a03959277\u00a0\u00bb, formId: \u00ab\u00a064249f84-222c-4072-9249-8fbc859e8545\u00a0\u00bb }); [\/tcb-script]  <\/p>\n","protected":false},"excerpt":{"rendered":"<p>Vous aussi, vous pouvez augmenter vos ventes additionnelles en proposant le Walking Desk Merci pour votre inscription au webinaire Vous allez recevoir une confirmation par email. Vous recevrez aussi un lien par email quelques heures avant le webinaire pour y acc\u00e9der. le lien vers le webinaire vous sera envoy\u00e9 par email&nbsp; Si vous n&rsquo;avez pas [&hellip;]<\/p>\n","protected":false},"author":4,"featured_media":0,"parent":6991,"menu_order":0,"comment_status":"closed","ping_status":"closed","template":"","meta":{"_seopress_robots_primary_cat":"","_seopress_titles_title":"Confirmation d&#039;inscription au Webinaire &quot;Des ventes additionnelles gr\u00e2ce au Walking Desk&quot;","_seopress_titles_desc":"Revendeurs, le Walking Desk est le produit id\u00e9al pour enfin vous d\u00e9marquer de la concurrence et ainsi augmenter vos ventes additionnelles.","_seopress_robots_index":"yes","bwfblock_default_font":"","footnotes":""},"wf_page_folders":[135],"class_list":["post-7003","page","type-page","status-publish","hentry","post-wrapper","thrv_wrapper"],"_links":{"self":[{"href":"https:\/\/activup.net\/fr\/wp-json\/wp\/v2\/pages\/7003","targetHints":{"allow":["GET"]}}],"collection":[{"href":"https:\/\/activup.net\/fr\/wp-json\/wp\/v2\/pages"}],"about":[{"href":"https:\/\/activup.net\/fr\/wp-json\/wp\/v2\/types\/page"}],"author":[{"embeddable":true,"href":"https:\/\/activup.net\/fr\/wp-json\/wp\/v2\/users\/4"}],"replies":[{"embeddable":true,"href":"https:\/\/activup.net\/fr\/wp-json\/wp\/v2\/comments?post=7003"}],"version-history":[{"count":7,"href":"https:\/\/activup.net\/fr\/wp-json\/wp\/v2\/pages\/7003\/revisions"}],"predecessor-version":[{"id":7630,"href":"https:\/\/activup.net\/fr\/wp-json\/wp\/v2\/pages\/7003\/revisions\/7630"}],"up":[{"embeddable":true,"href":"https:\/\/activup.net\/fr\/wp-json\/wp\/v2\/pages\/6991"}],"wp:attachment":[{"href":"https:\/\/activup.net\/fr\/wp-json\/wp\/v2\/media?parent=7003"}],"wp:term":[{"taxonomy":"wf_page_folders","embeddable":true,"href":"https:\/\/activup.net\/fr\/wp-json\/wp\/v2\/wf_page_folders?post=7003"}],"curies":[{"name":"wp","href":"https:\/\/api.w.org\/{rel}","templated":true}]}}