{"id":8,"date":"2020-05-07T09:46:43","date_gmt":"2020-05-07T07:46:43","guid":{"rendered":"https:\/\/activupnet.eu2.copilhost.cloud\/?page_id=8"},"modified":"2023-05-29T21:41:47","modified_gmt":"2023-05-29T19:41:47","slug":"contact","status":"publish","type":"page","link":"https:\/\/activup.net\/fr\/contact\/","title":{"rendered":"Contact"},"content":{"rendered":"<h1 style=\"text-align: center;\">Contactez-nous<\/h1>\n<p style=\"text-align: center;\">Notre \u00e9quipe est \u00e0 votre disposition pour votre projet Walking Desk<\/p>\n<p style=\"text-align: center;\">Que ce soit pour vous ou pour vos collaborateurs, le Walking Desk apporte de nombreux bienfaits sur le bien-\u00eatre, la sant\u00e9 et la productivit\u00e9.&nbsp;<\/p>\n<p>Une question rapide ?<\/p>\n<h2>Appelez-nous<\/h2>\n<p style=\"\">Vous souhaitez en savoir plus et m\u00eame tester le Walking Desk dans votre entreprise ou dans notre showroom ?<\/p>\n<h2 style=\"text-align: center;\"><span>Appelez-nous au<\/span><span>&nbsp;<\/span><\/h2>\n<h2 style=\"text-align: center;\"><span style=\"font-size: 33px;\">+<span>33 1 85 08 60 18<\/span><\/span><\/h2>\n<h2 style=\"text-align: center;\"><span style=\"\">Pour la Suisse: +41 22 519 08 90<\/span><\/h2>\n<p><span><img decoding=\"async\" alt=\"\" data-id=\"571\" width=\"131\" data-init-width=\"600\" height=\"600\" data-init-height=\"600\" title=\"telemarketing-call-center-transparent-600sq\" src=\"https:\/\/activup.net\/wp-content\/uploads\/2020\/11\/telemarketing-call-center-transparent-600sq.png\" data-width=\"131\" style=\"\" loading=\"lazy\"><\/span><\/p>\n<p>Vous souhaitez echanger sur votre projet ?<\/p>\n<h2>Envoyez-nous un message<\/h2>\n<p>Nous r\u00e9pondons \u00e0 tous les messages dans un d\u00e9lai de quelques heures.Si vous n&rsquo;avez pas re\u00e7u de r\u00e9ponse 24h apr\u00e8s avoir post\u00e9 votre message, veuillez r\u00e9essayer ou nous contacter par t\u00e9l\u00e9phone au num\u00e9ro suivant :<\/p>\n<h2 style=\"\"><span style=\"\"><\/span><span style=\"\">+33 1 85 08 60 18<\/span><\/h2>\n<p><span><img decoding=\"async\" alt=\"\" data-id=\"974\" width=\"478\" data-init-width=\"500\" height=\"337\" data-init-height=\"353\" title=\"write-email\" loading=\"lazy\" src=\"https:\/\/activup.net\/wp-content\/uploads\/2020\/12\/write-email.jpg\" data-width=\"478\" data-height=\"337\"><\/span><\/p>\n<div class='fluentform ff-default fluentform_wrapper_2 ffs_default_wrap'><form data-form_id=\"2\" id=\"fluentform_2\" class=\"frm-fluent-form fluent_form_2 ff-el-form-top ff_form_instance_2_1 ff-form-loading ff_has_v3_recptcha ffs_default\" data-form_instance=\"ff_form_instance_2_1\" method=\"POST\" data-recptcha_key=\"6LcaRdUkAAAAANwFcx2DAcZt1T8_a1cMrBUIxqXW\" ><fieldset  style=\"border: none!important;margin: 0!important;padding: 0!important;background-color: transparent!important;box-shadow: none!important;outline: none!important; min-inline-size: 100%;\">\n                    <legend class=\"ff_screen_reader_title\" style=\"display: block; margin: 0!important;padding: 0!important;height: 0!important;text-indent: -999999px;width: 0!important;overflow:hidden;\">Contact Form Fr<\/legend><input type='hidden' name='__fluent_form_embded_post_id' value='8' \/><input type=\"hidden\" id=\"_fluentform_2_fluentformnonce\" name=\"_fluentform_2_fluentformnonce\" value=\"4ea592806a\" \/><input type=\"hidden\" name=\"_wp_http_referer\" value=\"\/fr\/wp-json\/wp\/v2\/pages\/8\" \/><div class='ff-el-group'><div class=\"ff-el-input--label ff-el-is-required asterisk-right\"><label for='ff_2_email' id='label_ff_2_email' aria-label=\"Email\">Email<\/label><\/div><div class='ff-el-input--content'><input type=\"email\" name=\"email\" id=\"ff_2_email\" class=\"ff-el-form-control\" placeholder=\"Votre adresse email...\" data-name=\"email\"  aria-invalid=\"false\" aria-required=true><\/div><\/div><div data-type=\"name-element\" data-name=\"names\" class=\" ff-field_container ff-name-field-wrapper\" ><div class='ff-t-container'><div class='ff-t-cell '><div class='ff-el-group'><div class=\"ff-el-input--label ff-el-is-required asterisk-right\"><label for='ff_2_names_first_name_' id='label_ff_2_names_first_name_' >Pr\u00e9nom<\/label><\/div><div class='ff-el-input--content'><input type=\"text\" name=\"names[first_name]\" id=\"ff_2_names_first_name_\" class=\"ff-el-form-control\" placeholder=\"Votre pr\u00e9nom...\" aria-invalid=\"false\" aria-required=true><\/div><\/div><\/div><div class='ff-t-cell '><div class='ff-el-group'><div class=\"ff-el-input--label ff-el-is-required asterisk-right\"><label for='ff_2_names_last_name_' id='label_ff_2_names_last_name_' >Nom<\/label><\/div><div class='ff-el-input--content'><input type=\"text\" name=\"names[last_name]\" id=\"ff_2_names_last_name_\" class=\"ff-el-form-control\" placeholder=\"Votre nom de famille...\" aria-invalid=\"false\" aria-required=true><\/div><\/div><\/div><\/div><\/div><div data-name=\"ff_cn_id_1\"  class='ff-t-container ff-column-container ff_columns_total_2 '><div class='ff-t-cell ff-t-column-1' style='flex-basis: 50%;'><div class='ff-el-group'><div class=\"ff-el-input--label asterisk-right\"><label for='ff_2_company' id='label_ff_2_company' aria-label=\"Entreprise\">Entreprise<\/label><\/div><div class='ff-el-input--content'><input type=\"text\" name=\"company\" class=\"ff-el-form-control\" data-name=\"company\" id=\"ff_2_company\"  aria-invalid=\"false\" aria-required=false><\/div><\/div><\/div><div class='ff-t-cell ff-t-column-2' style='flex-basis: 50%;'><div class='ff-el-group'><div class=\"ff-el-input--label asterisk-right\"><label for='ff_2_phone' id='label_ff_2_phone' aria-label=\"Mobile\">Mobile<\/label><\/div><div class='ff-el-input--content'><input name=\"phone\" class=\"ff-el-form-control ff-el-phone\" type=\"tel\" placeholder=\"Votre num\u00e9ro de mobile...\" data-name=\"phone\" id=\"ff_2_phone\" inputmode=\"tel\"  aria-invalid='false' aria-required=false><\/div><\/div><\/div><\/div><div class='ff-el-group'><div class=\"ff-el-input--label ff-el-is-required asterisk-right\"><label for='ff_2_subject' id='label_ff_2_subject' aria-label=\"Votre demande\">Votre demande<\/label><\/div><div class='ff-el-input--content'><input type=\"text\" name=\"subject\" class=\"ff-el-form-control\" placeholder=\"Sujet de votre demande...\" data-name=\"subject\" id=\"ff_2_subject\"  aria-invalid=\"false\" aria-required=true><\/div><\/div><div class='ff-el-group'><div class=\"ff-el-input--label ff-el-is-required asterisk-right\"><label for='ff_2_message' id='label_ff_2_message' aria-label=\"Votre message\">Votre message<\/label><\/div><div class='ff-el-input--content'><textarea aria-required=\"true\" aria-labelledby=\"label_ff_2_message\" name=\"message\" id=\"ff_2_message\" class=\"ff-el-form-control\" placeholder=\"Contenu de votre message...\" rows=\"6\" cols=\"2\" data-name=\"message\" ><\/textarea><\/div><\/div><input type=\"hidden\" name=\"utm_hist\" data-name=\"utm_hist\" ><input type=\"hidden\" name=\"ref_hist\" data-name=\"ref_hist\" ><input type=\"hidden\" name=\"form_name\" value=\"Contact Form\" data-name=\"form_name\" ><input type=\"hidden\" name=\"valid_url\" data-name=\"valid_url\" ><input type=\"hidden\" name=\"submit_url\" value=\"https:\/\/activup.net\/fr\/wp-json\/wp\/v2\/pages\/8\" data-name=\"submit_url\" ><input type=\"hidden\" name=\"utm_src\" data-name=\"utm_src\" ><input type=\"hidden\" name=\"utm_cpn\" data-name=\"utm_cpn\" ><input type=\"hidden\" name=\"utm_mdm\" data-name=\"utm_mdm\" ><input type=\"hidden\" name=\"utm_cnt\" data-name=\"utm_cnt\" ><input type=\"hidden\" name=\"utm_trm\" data-name=\"utm_trm\" ><input type=\"hidden\" name=\"clid\" data-name=\"clid\" ><input type=\"hidden\" name=\"hubspotutk\" data-name=\"hubspotutk\" ><input type=\"hidden\" name=\"submit_urls\" value=\"https:\/\/activup.net\/fr\/wp-json\/wp\/v2\/pages\/8\" data-name=\"submit_urls\" ><div class='ff-el-group ff-text-left ff_submit_btn_wrapper'><button type=\"submit\" class=\"ff-btn ff-btn-submit ff-btn-md ff_btn_style\"  aria-label=\"Envoyez la demande\">Envoyez la demande<\/button><\/div><\/fieldset><\/form><div id='fluentform_2_errors' class='ff-errors-in-stack ff_form_instance_2_1 ff-form-loading_errors ff_form_instance_2_1_errors'><\/div><\/div>            <script type=\"text\/javascript\">\n                window.fluent_form_ff_form_instance_2_1 = {\"id\":\"2\",\"settings\":{\"layout\":{\"labelPlacement\":\"top\",\"helpMessagePlacement\":\"with_label\",\"errorMessagePlacement\":\"inline\",\"cssClassName\":\"\",\"asteriskPlacement\":\"asterisk-right\"},\"restrictions\":{\"denyEmptySubmission\":{\"enabled\":false}}},\"form_instance\":\"ff_form_instance_2_1\",\"form_id_selector\":\"fluentform_2\",\"rules\":{\"email\":{\"required\":{\"value\":true,\"message\":\"Ce champ est obligatoire\"},\"email\":{\"value\":true,\"message\":\"Ce champ doit \\u00eatre une adresse email valide\"}},\"names[first_name]\":{\"required\":{\"value\":true,\"message\":\"Ce champ est obligatoire\"}},\"names[middle_name]\":{\"required\":{\"value\":false,\"message\":\"This field is required\"}},\"names[last_name]\":{\"required\":{\"value\":true,\"message\":\"Ce champ est obligatoire\"}},\"company\":{\"required\":{\"value\":false,\"message\":\"Ce champ est obligatoire\"}},\"phone\":{\"required\":{\"value\":false,\"message\":\"Ce champ est requis\"},\"valid_phone_number\":{\"value\":false,\"message\":\"Le num\\u00e9ro de t\\u00e9l\\u00e9phone n'est pas valide\"}},\"subject\":{\"required\":{\"value\":true,\"message\":\"Ce champ est obligatoire\"}},\"message\":{\"required\":{\"value\":true,\"message\":\"Ce champ est obligatoire\"}},\"g-recaptcha-response\":[]},\"debounce_time\":300};\n                            <\/script>\n            \n<p>Tester le Walking Desk<\/p>\n<h2>Notre showroom<\/h2>\n<p><span><img decoding=\"async\" alt=\"\" data-id=\"223\" width=\"513\" data-init-width=\"800\" height=\"384\" data-init-height=\"600\" title=\"Showroom-20170411_114400-aveclogo\" src=\"https:\/\/activup.net\/wp-content\/uploads\/2020\/05\/Showroom-Trudaine-20170411_114400-800.jpg\" data-width=\"513\" data-height=\"384\" style=\"\" loading=\"lazy\"><\/span><\/p>\n<p>ActivUP re\u00e7oit les entreprises qui souhaitent tester nos Walking Desks avant de les implanter dans leurs espaces de travail.<\/p>\n<p>Le test au showroom est possible sur RDV pr\u00e9alable, uniquement \u00e0 Paris et Archamps (Haute Savoie).<\/p>\n<\/p>\n<p>Si votre entreprise est implant\u00e9e ailleurs, contactez-nous pour savoir si un de nos revendeurs pourrait vous accueillir pour un test.<strong><\/strong><\/p>\n<h3 style=\"text-align: center;\">Portugal<\/h3>\n<p><span><img decoding=\"async\" alt=\"\" data-id=\"981\" width=\"300\" data-init-width=\"300\" height=\"225\" data-init-height=\"225\" title=\"nomadestiny-centre-investe\" loading=\"lazy\" src=\"https:\/\/activup.net\/wp-content\/uploads\/2020\/12\/nomadestiny-centre-investe.jpg\" data-width=\"300\" data-height=\"225\" style=\"\"><\/span><\/p>\n<h3 style=\"text-align: center;\">Paris 17e<\/h3>\n<p><span><img decoding=\"async\" alt=\"\" data-id=\"982\" width=\"300\" data-init-width=\"300\" height=\"225\" data-init-height=\"225\" title=\"Showroom-greenparis-walkindesk3-300\" loading=\"lazy\" src=\"https:\/\/activup.net\/wp-content\/uploads\/2020\/12\/Showroom-greenparis-walkindesk3-300.jpg\" data-width=\"300\" data-height=\"225\" style=\"\"><\/span><\/p>\n<h3 style=\"text-align: center;\">Archamps (74)&nbsp;<\/h3>\n<p><span><img decoding=\"async\" alt=\"\" data-id=\"224\" width=\"300\" data-init-width=\"300\" height=\"225\" data-init-height=\"225\" title=\"Showroom-Puls-IMG_4043-300\" loading=\"lazy\" src=\"https:\/\/activup.net\/wp-content\/uploads\/2020\/05\/Showroom-Puls-IMG_4043-300.jpg\" data-width=\"300\" data-height=\"225\" style=\"\"><\/span><\/p>\n","protected":false},"excerpt":{"rendered":"<p>Contactez-nous Notre \u00e9quipe est \u00e0 votre disposition pour votre projet Walking Desk Que ce soit pour vous ou pour vos collaborateurs, le Walking Desk apporte de nombreux bienfaits sur le bien-\u00eatre, la sant\u00e9 et la productivit\u00e9.&nbsp; Une question rapide ? Appelez-nous Vous souhaitez en savoir plus et m\u00eame tester le Walking Desk dans votre entreprise [&hellip;]<\/p>\n","protected":false},"author":1,"featured_media":597,"parent":0,"menu_order":0,"comment_status":"closed","ping_status":"closed","template":"","meta":{"_seopress_robots_primary_cat":"","_seopress_titles_title":"","_seopress_titles_desc":"","_seopress_robots_index":"","bwfblock_default_font":"","footnotes":""},"wf_page_folders":[72],"class_list":["post-8","page","type-page","status-publish","has-post-thumbnail","hentry","post-wrapper","thrv_wrapper"],"_links":{"self":[{"href":"https:\/\/activup.net\/fr\/wp-json\/wp\/v2\/pages\/8","targetHints":{"allow":["GET"]}}],"collection":[{"href":"https:\/\/activup.net\/fr\/wp-json\/wp\/v2\/pages"}],"about":[{"href":"https:\/\/activup.net\/fr\/wp-json\/wp\/v2\/types\/page"}],"author":[{"embeddable":true,"href":"https:\/\/activup.net\/fr\/wp-json\/wp\/v2\/users\/1"}],"replies":[{"embeddable":true,"href":"https:\/\/activup.net\/fr\/wp-json\/wp\/v2\/comments?post=8"}],"version-history":[{"count":30,"href":"https:\/\/activup.net\/fr\/wp-json\/wp\/v2\/pages\/8\/revisions"}],"predecessor-version":[{"id":13601,"href":"https:\/\/activup.net\/fr\/wp-json\/wp\/v2\/pages\/8\/revisions\/13601"}],"wp:featuredmedia":[{"embeddable":true,"href":"https:\/\/activup.net\/fr\/wp-json\/wp\/v2\/media\/597"}],"wp:attachment":[{"href":"https:\/\/activup.net\/fr\/wp-json\/wp\/v2\/media?parent=8"}],"wp:term":[{"taxonomy":"wf_page_folders","embeddable":true,"href":"https:\/\/activup.net\/fr\/wp-json\/wp\/v2\/wf_page_folders?post=8"}],"curies":[{"name":"wp","href":"https:\/\/api.w.org\/{rel}","templated":true}]}}