{"id":875,"date":"2020-11-28T16:51:12","date_gmt":"2020-11-28T14:51:12","guid":{"rendered":"https:\/\/activupnet.eu2.copilhost.cloud\/?page_id=875"},"modified":"2023-09-13T07:34:31","modified_gmt":"2023-09-13T05:34:31","slug":"diabete-walking-desk","status":"publish","type":"page","link":"https:\/\/activup.net\/fr\/diabete-walking-desk\/","title":{"rendered":"Marcher pour soigner le diab\u00e8te"},"content":{"rendered":"<h1 id=\"t-1596955757025\" style=\"text-align: center;\">Walking Desk contre le diab\u00e8te<\/h1>\n<p style=\"text-align: center;\">Sp\u00e9cial diab\u00e9tiques: R\u00e9guler sa glyc\u00e9mie en marchant<\/p>\n<p style=\"text-align: center;\">Un tapis de marche au bureau pour les diab\u00e9tiques,permet de bouger plus, tout au long de la journ\u00e9e,au moment o\u00f9 la glyc\u00e9mie doit \u00eatre r\u00e9duite,sans y consacrer un temps d\u00e9di\u00e9.<\/p>\n<h2 id=\"t-1596955757026\" style=\"text-align: left; color: var(--tcb-skin-color-2)  !important; --tcb-applied-color:var$(--tcb-skin-color-2)  !important;\">La marche : tr\u00e8s efficace pour les diab\u00e9tiques<\/h2>\n<h2 style=\"text-align: justify;\">La marche est l\u2019une des <strong>activit\u00e9s physiques<\/strong> les plus <strong>efficaces<\/strong> pour <strong>pr\u00e9venir et m\u00eame combattre le diab\u00e8te<\/strong>. Pourtant, le mode de vie m\u00e9tro-boulot-dodo et le travail sur ordinateur obligent les professionnels \u00e0 rester assis durant des heures.<\/h2>\n<p>S\u00e9dentarit\u00e9<\/p>\n<h2>La s\u00e9dentarit\u00e9 au travail est n\u00e9faste pour la sant\u00e9 des diab\u00e9tiques<\/h2>\n<p style=\"text-align: justify;\">\u00c0 titre de rappel, nos anc\u00eatres devaient et n\u2019avaient d\u2019ailleurs aucun mal \u00e0 <strong>marcher 23 kilom\u00e8tres par jour<\/strong> afin de survivre. Et c\u2019est ainsi que l\u2019\u00eatre humain est cens\u00e9 vivre pour trouver \u00e0 manger et se maintenir en forme par la m\u00eame occasion.<\/p>\n<p style=\"text-align: justify;\">Mais plus nous avan\u00e7ons dans le temps, moins nous bougeons. <strong>Cette mauvaise tendance a permis le d\u00e9veloppement de nombreuses maladies dont justement le diab\u00e8te.<\/strong>Bien \u00e9videmment, notre mode de vie actuel accompagn\u00e9 de l\u2019essor du digital nous pousse \u00e0 tout faire assis et ne nous permet plus de marcher aussi souvent qu\u2019il le faudrait.<\/p>\n<h2>En France, on recense plus de 1,3 millions de travailleurs diab\u00e9tiques et la s\u00e9dentarit\u00e9 au bureau est bien \u00e9videmment en cause.<\/h2>\n<p><span><img decoding=\"async\" alt=\"\" data-id=\"210\" width=\"898\" data-init-width=\"939\" height=\"217\" data-init-height=\"227\" title=\"Diabete-1.3millions\" loading=\"lazy\" src=\"https:\/\/activup.net\/wp-content\/uploads\/2020\/05\/Diabete-1.3millions.png\" data-width=\"898\" data-height=\"217\"><\/span><\/p>\n<p style=\"text-align: justify;\">Chaque entreprise devrait mettre en place une <strong>solution pour aider ses salari\u00e9s<\/strong>, surtout ceux qui sont \u00e0 risque ou qui souffrent d\u00e9j\u00e0 du diab\u00e8te, \u00e0 <strong>combattre la s\u00e9dentarit\u00e9 au travail<\/strong>.<\/p>\n<p style=\"text-align: justify;\"><strong>Le saviez-vous ?<\/strong>Les employ\u00e9s s\u00e9dentaires ont un risque 112% plus \u00e9lev\u00e9 de d\u00e9velopper un diab\u00e8te que ceux qui font de la marche au quotidien.<\/p>\n<h2 style=\"\">Consacrer 30 minutes d\u2019activit\u00e9 physique par jour: Essentiel pour la sant\u00e9<\/h2>\n<p><span><img decoding=\"async\" alt=\"\" data-id=\"201\" width=\"898\" data-init-width=\"939\" height=\"280\" data-init-height=\"293\" title=\"Diabete-conseil-oms-30min\" loading=\"lazy\" src=\"https:\/\/activup.net\/wp-content\/uploads\/2020\/05\/Diabete-conseil-oms-30min.png\" data-width=\"898\" data-height=\"280\"><\/span><\/p>\n<p style=\"text-align: justify;\">L\u2019objectif n\u2019est pas de marcher 2h par jour \u00e0 l&rsquo;ext\u00e9rieur, peu de gens ont mat\u00e9riellement le temps de le faire ! 30 minutes d\u2019activit\u00e9 par jour est d\u00e9j\u00e0 un bon d\u00e9but pour r\u00e9duire les risques de diab\u00e8te. Si vous voulez le soigner ou en r\u00e9duire les effets, essayez de marcher 1 heure par jour ou plus.&nbsp;<\/p>\n<p style=\"text-align: justify;\">Notre organisme est capable de stocker de la graisse lorsque nous mangeons plus que ce dont nous avons besoin. Il faut donc bouger plus pour \u00e9liminer.<\/p>\n<p style=\"text-align: justify;\">Avec un Walking Desk, vous pouvez bouger plusieurs heures par jour, sans y penser, et surtout sans y consacrer du temps<\/p>\n<p><span><img decoding=\"async\" alt=\"\" data-id=\"198\" width=\"390\" data-init-width=\"350\" height=\"858\" data-init-height=\"770\" title=\"Marche-vertical-emma\" src=\"https:\/\/activup.net\/wp-content\/uploads\/2020\/05\/Marche-vertical-emma.jpg\" data-width=\"390\" data-height=\"858\" style=\"\" loading=\"lazy\"><\/span><\/p>\n<p><strong>La marche peut aider \u00e0<\/strong><\/p>\n<h2>Maitriser la glyc\u00e9mie<\/h2>\n<p style=\"text-align: justify;\">La graisse en tissu dense contenant beaucoup de calories se loge notamment dans le foie qui est un organe ayant pour fonction de transformer la graisse en sucre ou en glucose. Le taux de glyc\u00e9mie dans le sang augmente alors et les risques ou les complications de diab\u00e8te sont multipli\u00e9s. La meilleure mani\u00e8re de <strong>br\u00fbler les calories<\/strong> et de <strong>diminuer le taux de glyc\u00e9mie<\/strong> est de <strong>faire des exercices physiques r\u00e9guliers comme la marche<\/strong>.La marche est un exercice a\u00e9robic d\u2019intensit\u00e9 mod\u00e9r\u00e9e. Elle impacte de mani\u00e8re positive la fa\u00e7on dont l\u2019organisme d\u00e9pense et r\u00e9gule le glucose. Elle est <strong>efficace pour augmenter la quantit\u00e9 de glucose absorb\u00e9e par les cellules en r\u00e9ponse \u00e0 l\u2019insuline<\/strong>. Et cette am\u00e9lioration de la r\u00e9ponse aux signaux de l\u2019insuline dure jusqu\u2019\u00e0 24 h apr\u00e8s les 30 minutes de marche.<\/p>\n<p><strong>Le meilleur rythme pour<\/strong><\/p>\n<h2>Les exercices physiques<\/h2>\n<p style=\"text-align: justify;\">Il n\u2019est pas toujours \u00e9vident pour un professionnel de trouver un moment pour s&rsquo;entra\u00eener au quotidien. Et le weekend, on est souvent trop fatigu\u00e9 que l\u2019on pr\u00e9f\u00e8re s\u2019accorder un repos qui n\u2019arrange pas les choses. Mais dans tous les cas, les experts s\u2019accordent \u00e0 dire que, pour lutter contre le diab\u00e8te et les autres pathologies dues \u00e0 la s\u00e9dentarit\u00e9 au travail, <strong>pratiquer tous les jours une activit\u00e9 \u00e0 faible intensit\u00e9 telle que la marche vaut largement mieux qu\u2019un entra\u00eenement intense ou deux par semaine<\/strong>.<\/p>\n<h2>Diab\u00e8te de type 2 : Cons\u00e9quence de la <strong>position assise prolong\u00e9e<\/strong><\/h2>\n<p style=\"text-align: justify;\">\u00c0 force de passer la majorit\u00e9 de notre temps dans une <strong>position assise&nbsp;<\/strong>devant un ordinateur, les graisses s\u2019accumulent dans le foie et&nbsp;<strong>se transforment en une grande quantit\u00e9 de glucose<\/strong> <strong>q<\/strong><strong>ui fait dangereusement monter la glyc\u00e9mie<\/strong>. De son c\u00f4t\u00e9, le pancr\u00e9as qui est cens\u00e9 faire descendre la glyc\u00e9mie se trouve dans l\u2019obligation de fournir plus d\u2019efforts qu\u2019il ne le devrait pour limiter la production de glucose par le foie. Avec le temps, <strong>le pancr\u00e9as s\u2019affaiblit et ne parvient plus \u00e0 remplir son r\u00f4le<\/strong>. C&rsquo;est \u00e0 ce moment-l\u00e0 que la taux de sucre dans le sang augmente. Le cas de diab\u00e8te appara\u00eet ou empire si le travailleur est d\u00e9j\u00e0 atteint.<\/p>\n<p style=\"text-align: justify;\">En clair, la <strong>position assise prolong\u00e9e<\/strong>&nbsp;(plus de 7 heures par jour) au bureau est un v\u00e9ritable probl\u00e8me de sant\u00e9 publique. Selon les sp\u00e9cialistes, elle favoriserait le&nbsp;<strong>risque de d\u00e9velopper un diab\u00e8te de type 2 chez les employ\u00e9s<\/strong>. C\u2019est pour cette raison qu\u2019il est conseill\u00e9 \u00e0 chaque soci\u00e9t\u00e9 de mettre en place une solution ad\u00e9quate pour que le personnel puisse avoir droit \u00e0 la&nbsp;<strong>marche au bureau<\/strong>. En cela, l\u2019<strong>installation d\u2019un tapis de marche<\/strong> est un excellent choix.<\/p>\n<p style=\"text-align: justify;\">Il est conseill\u00e9 de fixer une heure pr\u00e9cise pour pratiquer la marche au bureau afin de mieux combattre le diab\u00e8te.<\/p>\n<p>Etudes scientifiques<\/p>\n<h2>S\u00e9dentarit\u00e9 au travail et diab\u00e8te : les \u00e9tudes se multiplient<\/h2>\n<p style=\"text-align: justify;\">Afin d\u2019apporter des <strong>preuves sur les cons\u00e9quences n\u00e9fastes de la s\u00e9dentarit\u00e9 sur la sant\u00e9,<\/strong>&nbsp;de nombres chercheurs ont d\u00e9cid\u00e9 de mener des \u00e9tudes. Ces m\u00eames \u00e9tudes ont aussi permis de quantifier les risques de d\u00e9velopper un diab\u00e8te de type 2 en restant assis au bureau du matin au soir.<\/p>\n<blockquote style=\"text-align: justify;\"><p><em>D\u2019apr\u00e8s une revue syst\u00e8me et une m\u00e9ta-analyse portant sur 16 \u00e9tudes prospectives et 2 \u00e9tudes transversales sur 794 577 individus, les personnes tr\u00e8s s\u00e9dentaires dont des salari\u00e9s de bureau avaient un risque 112% plus \u00e9lev\u00e9 de souffrir du diab\u00e8te que les personnes qui bougeaient plus souvent. <\/em><\/p><\/blockquote>\n<p style=\"text-align: justify;\">Toutes les \u00e9tudes ayant d\u00e9j\u00e0 \u00e9t\u00e9 effectu\u00e9es sur le sujet jusqu\u2019\u00e0 ce jour nous confirment que <strong>le manque d\u2019exercice \u00e0 cause du travail est un facteur de risque<\/strong>.<\/p>\n<blockquote style=\"text-align: justify;\"><p><em>Chaque heure pass\u00e9e \u00e0 rester assis devant un \u00e9cran augmente le risque de diab\u00e8te de type 2 de 2,1% \u00e0 3,4% selon les individus.<\/em><\/p><\/blockquote>\n<p style=\"text-align: justify;\">Les chercheurs continuent \u00e0 dire que d\u2019autres \u00e9tudes sont encore n\u00e9cessaires pour valider leurs r\u00e9sultats. Mais \u00e0 l\u2019heure actuelle, il est d\u00e9j\u00e0 clair que <strong>la lutte contre la s\u00e9dentarit\u00e9 au bureau doit \u00eatre men\u00e9e dans tous les \u00e9tablissements pour prot\u00e9ger les salari\u00e9s mais surtout les personnes \u00e0 risque de diab\u00e8te et celles qui en souffrent d\u00e9j\u00e0<\/strong>.<\/p>\n<p style=\"text-align: justify;\">L\u2019intervention sur la mani\u00e8re de vivre en entreprise de fa\u00e7on \u00e0 augmenter le temps d\u2019activit\u00e9 physique au bureau devrait \u00eatre consid\u00e9r\u00e9e par chaque dirigeant. <strong>R\u00e9duire le temps de s\u00e9dentarit\u00e9 au travail revient \u00e0 r\u00e9duire les risques de diab\u00e8te.<\/strong><\/p>\n<p><span><img decoding=\"async\" alt=\"\" data-id=\"197\" width=\"370\" data-init-width=\"350\" height=\"814\" data-init-height=\"770\" title=\"Marche-vertical-marc\" src=\"https:\/\/activup.net\/wp-content\/uploads\/2020\/05\/Marche-vertical-marc.jpg\" data-width=\"370\" data-height=\"814\" loading=\"lazy\" style=\"\"><\/span><\/p>\n<p>Cardio-vasculaire<\/p>\n<h2>Autre danger de la s\u00e9dentarit\u00e9<\/h2>\n<blockquote style=\"text-align: justify;\"><p>Les participants ayant pass\u00e9 10 h par semaine en voiture et 23 h par semaine devant un \u00e9cran avaient un risque 82% plus \u00e9lev\u00e9 de souffrir d\u2019une maladie cardiovasculaire que les autres. Ils encouraient \u00e9galement un risque 64% plus \u00e9lev\u00e9 d\u2019en mourir.<\/p><\/blockquote>\n<p style=\"text-align: justify;\"><strong>L<\/strong><strong>a s\u00e9dentarit\u00e9 au travail augmente les risques de maladies cardiovasculaires<\/strong> de mani\u00e8re consid\u00e9rable. Une autre \u00e9quipe de chercheurs am\u00e9ricains a d\u2019ailleurs r\u00e9alis\u00e9 une autre \u00e9tude sur les comportements s\u00e9dentaires en g\u00e9n\u00e9ral: rester en posture assise au bureau, conduire une voiture, regarder la t\u00e9l\u00e9, etc&#8230; L\u2019\u00e9tude s\u2019est tenue de 1989 \u00e0 2003 aupr\u00e8s de 7 744 hommes de 20 \u00e0 89 ans. Aucun d\u2019eux n\u2019avait d\u2019ant\u00e9c\u00e9dent de probl\u00e8me cardiovasculaire.<\/p>\n<p>LES B\u00e9n\u00e9fices concrets de LA MARCHE<\/p>\n<h2 style=\"text-align: justify;\">Les effets de la marche au bureau sur le diab\u00e8te<\/h2>\n<p style=\"text-align: justify;\">Pour le bien de notre sant\u00e9 et surtout pour contrecarrer le diab\u00e8te, marcher est indispensable.<\/p>\n<blockquote style=\"text-align: justify;\"><p><span style=\"font-size: 20px;\">Cela peut r\u00e9duire le risque de diab\u00e8te de 30%, ce n\u2019est pas rien !<\/span><\/p><\/blockquote>\n<p style=\"text-align: justify;\"><span style=\"font-size: 20px;\"><\/span><strong>La marche doit \u00eatre pratiqu\u00e9e en respectant les conditions suivantes&nbsp;<\/strong>si on veut obtenir des r\u00e9sultats visibles :<\/p>\n<ul>\n<li style=\"text-align: justify;\"><strong>au moins une demi-heure par jour<\/strong><\/li>\n<li style=\"text-align: justify;\">doit<strong>&nbsp;\u00eatre en continu<\/strong>&nbsp;pour une meilleure efficacit\u00e9 : Il ne faut&nbsp;<strong>pas r\u00e9partir<\/strong>&nbsp;ces 30 minutes dans diff\u00e9rents moments de la journ\u00e9e.<\/li>\n<\/ul>\n<p style=\"text-align: justify;\">Selon les \u00e9tudes, des sujets atteints du diab\u00e8te de type 2 ayant march\u00e9 une demi-heure au quotidien ont vu leur taux de glyc\u00e9mie diminuer de 2,2 mmol\/l.<\/p>\n<p style=\"text-align: justify;\">Mieux encore, le risque de mortalit\u00e9 des diab\u00e9tiques est divis\u00e9 par deux s\u2019ils parviennent \u00e0 marcher 1,5 km ou plus par jour.<\/p>\n<p><span><img decoding=\"async\" alt=\"\" data-id=\"195\" width=\"370\" data-init-width=\"300\" height=\"555\" data-init-height=\"450\" title=\"Fruit and vegetable salad and glucose meter with tape measure, concept of diabetes, slimming and healthy nutrition\" src=\"https:\/\/activup.net\/wp-content\/uploads\/2020\/05\/diabete-mesure-glycemie-vertical.jpg\" data-width=\"370\" data-height=\"555\" loading=\"lazy\" style=\"\"><\/span><span><img decoding=\"async\" alt=\"\" data-id=\"200\" width=\"939\" data-init-width=\"939\" height=\"227\" data-init-height=\"227\" title=\"Diabete-reductionrisque30d\" loading=\"lazy\" src=\"https:\/\/activup.net\/wp-content\/uploads\/2020\/05\/Diabete-reductionrisque30d.jpg\" data-width=\"939\" data-height=\"227\"><\/span><span><img decoding=\"async\" alt=\"\" data-id=\"196\" width=\"370\" data-init-width=\"300\" height=\"555\" data-init-height=\"450\" title=\"BouyguesNextDoor-5-vertical\" src=\"https:\/\/activup.net\/wp-content\/uploads\/2020\/05\/BouyguesNextDoor-5-vertical.jpg\" data-width=\"370\" data-height=\"555\" loading=\"lazy\" style=\"\"><\/span><\/p>\n<p>Solution r\u00e9volutionnaire<\/p>\n<h2>Un tapis de marche innovant pour les travailleurs diab\u00e9tiques<\/h2>\n<p dir=\"ltr\" style=\"text-align: justify;\">Encore une fois,<strong>&nbsp;il est difficile pour les travailleurs de trouver le temps de parcourir une telle distance tout en remplissant leurs responsabilit\u00e9s professionnelles<\/strong>. Le temps est de l\u2019argent dans une entreprise et le travail reste toujours une priorit\u00e9, souvent au d\u00e9triment de la sant\u00e9. Il est temps de mettre les deux sur les m\u00eames pieds d\u2019\u00e9galit\u00e9 avec l\u2019<strong>installation d\u2019un tapis de marche<\/strong>&nbsp;au sein de votre soci\u00e9t\u00e9.<\/p>\n<p dir=\"ltr\">\n<p dir=\"ltr\" style=\"text-align: justify;\">En conclusion, nous vivons \u00e0 une \u00e9poque o\u00f9 tout favorise la <strong>s\u00e9dentarit\u00e9 au bureau<\/strong>&nbsp;qui est pourtant un&nbsp;<strong>vrai fl\u00e9au pour la sant\u00e9 des travailleurs<\/strong>. Ce ph\u00e9nom\u00e8ne augmente les risques de d\u00e9veloppement et de&nbsp;<strong>complication de diab\u00e8te<\/strong>. Pourtant, les salari\u00e9s peinent souvent \u00e0 trouver 30 minutes de libre par jour, la dur\u00e9e n\u00e9cessaire pour marcher en vue de lutter contre cette maladie.&nbsp;<\/p>\n<p dir=\"ltr\">\n<p dir=\"ltr\" style=\"text-align: justify;\">La solution : le&nbsp;<strong>walking desk<\/strong> ou <strong>bureau-<\/strong><strong>tapis de marche<\/strong>.<\/p>\n<h2>Pl\u00e9biscit\u00e9e par les scientifiques<\/h2>\n<p>Au congr\u00e8s m\u00e9dical de Vichy en janvier 2019, les conf\u00e9renciers marchent sur un Walking Desk ActivUP pendant leur pr\u00e9sentation<\/p>\n<h2 style=\"text-align: center;\">&nbsp;ActivUP, la r\u00e9f\u00e9rence du Walking Desk<\/h2>\n<h3 style=\"text-align: center;\"><span>Plus de 300 clients<\/span><\/h3>\n<p><span><img decoding=\"async\" alt=\"\" data-id=\"175\" width=\"350\" data-init-width=\"640\" height=\"197\" data-init-height=\"360\" title=\"references-clients-ActivUP-2020-640x360-1\" loading=\"lazy\" src=\"https:\/\/activup.net\/wp-content\/uploads\/2020\/05\/references-clients-ActivUP-2020-640x360-1.jpg\" data-width=\"350\" data-height=\"197\" style=\"\"><\/span><\/p>\n<h3 style=\"text-align: center;\">23 passages TV<\/h3>\n<p><span><a href=\"https:\/\/activup.net\/fr\/presse\/\" data-shortcode-id=\"27\" data-dynamic-link=\"thrive_global_fields_url\"><img decoding=\"async\" alt=\"\" data-id=\"176\" width=\"339\" data-init-width=\"640\" height=\"191\" data-init-height=\"360\" title=\"retombees-presse-640x360-1\" loading=\"lazy\" src=\"https:\/\/activup.net\/wp-content\/uploads\/2020\/05\/retombees-presse-640x360-1.jpg\" data-width=\"339\" data-height=\"191\" data-link-wrap=\"true\"><\/a><\/span><\/p>\n<h3 style=\"text-align: center;\">Une solution prim\u00e9e<\/h3>\n<p><span><a href=\"https:\/\/activup.net\/fr\/distinctions\/\" data-shortcode-id=\"28\" data-dynamic-link=\"thrive_global_fields_url\"><img decoding=\"async\" alt=\"\" data-id=\"174\" width=\"339\" data-init-width=\"640\" height=\"191\" data-init-height=\"360\" title=\"infographie-trophee-640x360\" loading=\"lazy\" src=\"https:\/\/activup.net\/wp-content\/uploads\/2020\/05\/infographie-trophee-640x360-1.jpg\" data-width=\"339\" data-height=\"191\" data-link-wrap=\"true\"><\/a><\/span> __CONFIG_group_edit__{\u00ab\u00a0k7g25n3o\u00a0\u00bb:{\u00ab\u00a0name\u00a0\u00bb:\u00a0\u00bbAll Icon(s)\u00a0\u00bb,\u00a0\u00bbsingular\u00a0\u00bb:\u00a0\u00bb&#8211; Icon %s\u00a0\u00bb},\u00a0\u00bbk7g25s38&Prime;:{\u00ab\u00a0name\u00a0\u00bb:\u00a0\u00bbAll Contact Detail(s)\u00a0\u00bb,\u00a0\u00bbsingular\u00a0\u00bb:\u00a0\u00bb&#8211; Text %s\u00a0\u00bb},\u00a0\u00bbk7g26hhs\u00a0\u00bb:{\u00ab\u00a0name\u00a0\u00bb:\u00a0\u00bbAll Contact Form Input(s)\u00a0\u00bb,\u00a0\u00bbsingular\u00a0\u00bb:\u00a0\u00bb&#8211; Contact Form Input %s\u00a0\u00bb}}__CONFIG_group_edit____CONFIG_local_colors__{\u00ab\u00a0colors\u00a0\u00bb:{\u00ab\u00a0c4549&Prime;:\u00a0\u00bbRoyal Blue\u00a0\u00bb,\u00a0\u00bb56de9&Prime;:\u00a0\u00bbAlabaster\u00a0\u00bb,\u00a0\u00bb6957a\u00a0\u00bb:\u00a0\u00bbBunker\u00a0\u00bb,\u00a0\u00bbae168&Prime;:\u00a0\u00bbRoyal Blue\u00a0\u00bb},\u00a0\u00bbgradients\u00a0\u00bb:{}}__CONFIG_local_colors__<\/p>\n<h2>Contactez-nous<\/h2>\n<p>Vous souhaitez en savoir plus et m\u00eame tester le Walking Desk dans votre entreprise ou dans notre showroom ?<\/p>\n<p><span><img decoding=\"async\" alt=\"\" data-id=\"571\" width=\"164\" data-init-width=\"300\" height=\"164\" data-init-height=\"300\" title=\"telemarketing-call-center-transparent-600sq\" loading=\"lazy\" src=\"https:\/\/activup.net\/wp-content\/uploads\/2020\/11\/telemarketing-call-center-transparent-600sq-300x300.png\" data-width=\"164\" data-height=\"164\" style=\"\"><\/span><\/p>\n<p><strong>Nos showrooms<\/strong> (sur RDV exclusivement)<\/p>\n<p><strong>Paris 17e<\/strong> : 27 rue des Renaudes<\/p>\n<p><strong>Archamps<\/strong> (Haute-Savoie)<\/p>\n<p>Appelez-nous au<\/p>\n<p><span data-attr-id=\"3\" data-extra_key=\"1\" data-option-inline=\"1\" data-shortcode=\"thrive_global_fields\" data-shortcode-name=\"[Company] Phone number\">+33 1 85 08 60 18<\/span><\/p>\n<p>[tcb-script charset=\u00a0\u00bbutf-8&Prime; type=\u00a0\u00bbtext\/javascript\u00a0\u00bb src=\u00a0\u00bb\/\/js.hsforms.net\/forms\/shell.js\u00a0\u00bb][\/tcb-script] [tcb-script] hbspt.forms.create({ portalId: \u00ab\u00a03959277\u00a0\u00bb, formId: \u00ab\u00a064249f84-222c-4072-9249-8fbc859e8545\u00a0\u00bb }); [\/tcb-script]<\/p>\n","protected":false},"excerpt":{"rendered":"<p>Walking Desk contre le diab\u00e8te Sp\u00e9cial diab\u00e9tiques: R\u00e9guler sa glyc\u00e9mie en marchant Un tapis de marche au bureau pour les diab\u00e9tiques,permet de bouger plus, tout au long de la journ\u00e9e,au moment o\u00f9 la glyc\u00e9mie doit \u00eatre r\u00e9duite,sans y consacrer un temps d\u00e9di\u00e9. La marche : tr\u00e8s efficace pour les diab\u00e9tiques La marche est l\u2019une des [&hellip;]<\/p>\n","protected":false},"author":4,"featured_media":0,"parent":0,"menu_order":0,"comment_status":"closed","ping_status":"closed","template":"","meta":{"_seopress_robots_primary_cat":"","_seopress_titles_title":"Rien de tel que la marche pour la sant\u00e9 des diab\u00e9tiques","_seopress_titles_desc":"L&#039;OMS recommande une heure de marche quotidienne pour les diab\u00e9tiques, mais avec un Walking Desk, on peut marcher deux, trois heures facilement, sans y penser, sans y consacrer du temps. Avec un b\u00e9n\u00e9fice prouv\u00e9 pour sa sant\u00e9, et une meilleure r\u00e9gulation de la glyc\u00e9mie.","_seopress_robots_index":"","bwfblock_default_font":"","footnotes":""},"wf_page_folders":[76],"class_list":["post-875","page","type-page","status-publish","hentry","post-wrapper","thrv_wrapper"],"_links":{"self":[{"href":"https:\/\/activup.net\/fr\/wp-json\/wp\/v2\/pages\/875","targetHints":{"allow":["GET"]}}],"collection":[{"href":"https:\/\/activup.net\/fr\/wp-json\/wp\/v2\/pages"}],"about":[{"href":"https:\/\/activup.net\/fr\/wp-json\/wp\/v2\/types\/page"}],"author":[{"embeddable":true,"href":"https:\/\/activup.net\/fr\/wp-json\/wp\/v2\/users\/4"}],"replies":[{"embeddable":true,"href":"https:\/\/activup.net\/fr\/wp-json\/wp\/v2\/comments?post=875"}],"version-history":[{"count":17,"href":"https:\/\/activup.net\/fr\/wp-json\/wp\/v2\/pages\/875\/revisions"}],"predecessor-version":[{"id":13819,"href":"https:\/\/activup.net\/fr\/wp-json\/wp\/v2\/pages\/875\/revisions\/13819"}],"wp:attachment":[{"href":"https:\/\/activup.net\/fr\/wp-json\/wp\/v2\/media?parent=875"}],"wp:term":[{"taxonomy":"wf_page_folders","embeddable":true,"href":"https:\/\/activup.net\/fr\/wp-json\/wp\/v2\/wf_page_folders?post=875"}],"curies":[{"name":"wp","href":"https:\/\/api.w.org\/{rel}","templated":true}]}}