{"id":879,"date":"2020-11-28T17:16:03","date_gmt":"2020-11-28T15:16:03","guid":{"rendered":"https:\/\/activupnet.eu2.copilhost.cloud\/?page_id=879"},"modified":"2024-02-06T23:38:34","modified_gmt":"2024-02-06T21:38:34","slug":"cas-usage-walking-desk","status":"publish","type":"page","link":"https:\/\/activup.net\/fr\/cas-usage-walking-desk\/","title":{"rendered":"Cas d&rsquo;usage client"},"content":{"rendered":"<h1 style=\"text-align: center;\">Cas d&rsquo;usage client<\/h1>\n<p style=\"text-align: center;\">Le Walking Desk s&rsquo;adapte \u00e0 votre fa\u00e7on de travailler<\/p>\n<p style=\"text-align: center;\">D\u00e9couvrez les principales configurations de Walking Desks. Il y en a forc\u00e9ment une qui va vous convenir. Que ce soit pour vous seul, pour le partager avec vos coll\u00e8gues. Que vous ayez besoin d&rsquo;espace sur le bureau ou au contraire d&rsquo;un \u00e9quipement le plus compact possible.<\/p>\n<p>&nbsp;Walking Desk en Open space<\/p>\n<h2>Usage partag\u00e9 en open space<\/h2>\n<p style=\"text-align: justify;\">Que ce soit dans un open space, un espace de coworking, ou dans un bureau de quelques personnes, le Walking Desk sera partag\u00e9 entre tous les collaborateurs. Chacun peut travailler une demi-heure ou une heure puis laisser la place libre \u00e0 ses coll\u00e8gues.Le Walking Desk est tr\u00e8s silencieux et ne d\u00e9range pas.Certains clients pr\u00e9voient des parois ou des plantes pour s\u00e9parer les espaces, entre la zone pour travailler en marchant et les zones pour travailler assis.<\/p>\n<p><span><img decoding=\"async\" alt=\"\" data-id=\"885\" width=\"486\" data-init-width=\"1024\" height=\"364\" data-init-height=\"768\" title=\"NextDoor-3\" src=\"https:\/\/activup.net\/wp-content\/uploads\/2020\/11\/NextDoor-3-1024x768.jpg\" data-width=\"486\" data-height=\"364\" style=\"aspect-ratio: auto 1024 \/ 768;\" loading=\"lazy\"><\/span><\/p>\n<p>Travailler \u00e0 la maison (home office)<\/p>\n<h2>&nbsp;Walking Desk en t\u00e9l\u00e9travail<\/h2>\n<p><span><img decoding=\"async\" alt=\"\" data-id=\"262\" width=\"500\" data-init-width=\"900\" height=\"333\" data-init-height=\"600\" title=\"LifespanHomeSetting600pL\" src=\"https:\/\/activup.net\/wp-content\/uploads\/2020\/05\/LifespanHomeSetting600pL.jpg\" data-width=\"500\" data-height=\"333\" style=\"aspect-ratio: auto 900 \/ 600;\" loading=\"lazy\"><\/span><\/p>\n<p style=\"text-align: justify;\">Avec les nouvelles configurations, notamment li\u00e9es \u00e0 la Covid19, de nombreuses entreprises recourent au t\u00e9l\u00e9travail, partiel ou total, pour une partie de leurs salari\u00e9s.La s\u00e9dentarit\u00e9 concerne d\u00e9j\u00e0 plus de la moiti\u00e9 de la population active, mais en t\u00e9l\u00e9travail elle est encore plus \u00e9lev\u00e9e.ActivUP propose des formules pour accompagner les entreprises en installant des Walking Desks directement chez leurs collaborateurs, que ce soit en location ou en vente.<\/p>\n<p>&nbsp;Walking Desk Assis+debout+Marche<\/p>\n<h2>Grand bureau avec tapis et si\u00e8ge<\/h2>\n<p style=\"text-align: justify;\">Pour ceux qui veulent avoir le tapis roulant et le si\u00e8ge sous le m\u00eame bureau, c&rsquo;est possible avec un grand bureau de 1m80 ou plus. Vous pouvez marcher pendant 1 heure, puis baisser le bureau et vous asseoir. Et ensuite, vous relever et marcher encore un peu.<\/p>\n<p><span><img decoding=\"async\" alt=\"\" data-id=\"232\" width=\"486\" data-init-width=\"1024\" height=\"324\" data-init-height=\"683\" title=\"20190813-4-IMG_5229-1200x800-1\" src=\"https:\/\/activup.net\/wp-content\/uploads\/2020\/05\/20190813-4-IMG_5229-1200x800-1-1024x683.jpg\" data-width=\"486\" data-height=\"324\" style=\"aspect-ratio: auto 1024 \/ 683;\" loading=\"lazy\"><\/span><\/p>\n<p>Usage collectif du Walking Desk<\/p>\n<h2>R\u00e9union en marchant<\/h2>\n<p><span><img decoding=\"async\" alt=\"\" data-id=\"258\" width=\"500\" data-init-width=\"900\" height=\"333\" data-init-height=\"600\" title=\"Keyrus-IMG_2803-660pL\" src=\"https:\/\/activup.net\/wp-content\/uploads\/2020\/05\/Keyrus-IMG_2803-660pL.jpg\" data-width=\"500\" data-height=\"333\" style=\"aspect-ratio: auto 900 \/ 600;\" loading=\"lazy\"><\/span><\/p>\n<p style=\"text-align: justify;\">Pour tenir des r\u00e9unions efficaces et courtes, rien de tel qu&rsquo;une petite marche.Notre Walking Meeting Desk permet de faire des r\u00e9unions debout, assis et en marchant. Il peut aussi \u00eatre utilis\u00e9 comme un Walking Desk classique ou m\u00eame comme une table de r\u00e9union classique.ActivUP propose des configurations sur mesure, incluant tapis roulants, si\u00e8ges et m\u00eame v\u00e9los-bureaux.<\/p>\n<p>Faire des r\u00e9unions en marchant<\/p>\n<h2>Walking Desk Tandem<\/h2>\n<p style=\"text-align: justify;\">Mieux encore que le Walking Meeting Desk, ce Walking Desk avec 2 tapis de marche c\u00f4te-\u00e0-c\u00f4te permet de faire des r\u00e9unions \u00e0 2 en marchant l&rsquo;un \u00e0 cot\u00e9 de l&rsquo;autre.Evidemment, il est possible d&rsquo;inviter 2 autres coll\u00e8gues ou plus pour participer \u00e0 la r\u00e9union, en utilisant des si\u00e8ges assis-debout. Le Walking Desk Tandem est \u00e9quip\u00e9 de 2 tapis de marche ind\u00e9pendants (ayant chacun leur console de commande), et un grand bureau de 2mx1m, avec 4 colonnes \u00e9lectriques command\u00e9es gr\u00e2ce \u00e0 une t\u00e9l\u00e9commande.<\/p>\n<p><span><img decoding=\"async\" alt=\"\" data-id=\"1385\" width=\"468\" data-init-width=\"900\" height=\"312\" data-init-height=\"600\" title=\"Novartis-IMG4795-900x600\" src=\"https:\/\/activup.net\/wp-content\/uploads\/2021\/06\/Novartis-IMG4795-900x600-1.jpg\" data-width=\"468\" data-height=\"312\" style=\"aspect-ratio: auto 900 \/ 600;\" loading=\"lazy\"><\/span><\/p>\n<p>&nbsp;WALKING DESK \u00c0 L&rsquo;\u00c9COLE<\/p>\n<h2>Marcher et p\u00e9daler en classe<\/h2>\n<p><span><img decoding=\"async\" alt=\"\" data-id=\"887\" width=\"486\" data-init-width=\"1024\" height=\"364\" data-init-height=\"768\" title=\"Photo-Ecole-WalkingDesk-Bike-Collonges-IMG_1358-1200x900\" src=\"https:\/\/activup.net\/wp-content\/uploads\/2020\/11\/Photo-Ecole-WalkingDesk-Bike-Collonges-IMG_1358-1200x900-1-1024x768.jpg\" data-width=\"486\" data-height=\"364\" style=\"aspect-ratio: auto 1024 \/ 768;\" loading=\"lazy\"><\/span><\/p>\n<p style=\"text-align: justify;\">La s\u00e9dentarit\u00e9 ne touche pas que les adultes. Selon l&rsquo;OMS, 80% des enfants de moins de 14 ans sont physiquement inactifs.De nombreuses \u00e9coles exp\u00e9rimentent l&rsquo;activit\u00e9 physique en classe. Le visuel ci-contre a \u00e9t\u00e9 pris dans une \u00e9cole primaire en Haute-Savoie.<\/p>\n<p>Accueillir ses Coll\u00e8gues \u00e0 son Walking Desk<\/p>\n<h2>Walking Desk avec si\u00e8ges hauts<\/h2>\n<p style=\"text-align: justify;\">Lorsque vous travaillez en marchant sur votre Walking Desk, vos coll\u00e8gues peuvent travailler \u00e0 cot\u00e9 de vous, soit debout, soit en utilisant un si\u00e8ge haut, qui permet d&rsquo;\u00eatre assis tout en ayant la m\u00eame hauteur que vous.<\/p>\n<p style=\"text-align: justify;\">Ces si\u00e8ges sont r\u00e9glables en hauteur et on un support circulaire pour poster les pieds. De belles r\u00e9unions en perspective.<\/p>\n<p><span><img decoding=\"async\" alt=\"\" data-id=\"10176\" width=\"493\" data-init-width=\"400\" height=\"300\" data-init-height=\"300\" title=\"Location-HP-IMG4842-400x300\" src=\"https:\/\/activup.net\/wp-content\/uploads\/2022\/12\/Location-HP-IMG4842-400x300-1.jpg\" data-width=\"493\" style=\"aspect-ratio: auto 400 \/ 300;\" loading=\"lazy\"><\/span><\/p>\n<h2 style=\"text-align: center;\">Et vous, quelle usage allez-vous adopter ?<\/h2>\n<p style=\"text-align: center;\">Les clients ActivUP sont ravis des <strong>effets de l&rsquo;activit\u00e9 physique sur leur sant\u00e9<\/strong> et celle de leurs collaborateurs.Cette solution est <strong>facile \u00e0 mettre en oeuvre<\/strong>. La <strong>marche<\/strong> est un <strong>m\u00e9dicament reconnu par l&rsquo;OMS<\/strong>, qui produit des <strong>r\u00e9sultats sans effets secondaires<\/strong>.<\/p>\n<p>__CONFIG_group_edit__{\u00ab\u00a0k7g25n3o\u00a0\u00bb:{\u00ab\u00a0name\u00a0\u00bb:\u00a0\u00bbAll Icon(s)\u00a0\u00bb,\u00a0\u00bbsingular\u00a0\u00bb:\u00a0\u00bb&#8211; Icon %s\u00a0\u00bb},\u00a0\u00bbk7g25s38&Prime;:{\u00ab\u00a0name\u00a0\u00bb:\u00a0\u00bbAll Contact Detail(s)\u00a0\u00bb,\u00a0\u00bbsingular\u00a0\u00bb:\u00a0\u00bb&#8211; Text %s\u00a0\u00bb},\u00a0\u00bbk7g26hhs\u00a0\u00bb:{\u00ab\u00a0name\u00a0\u00bb:\u00a0\u00bbAll Contact Form Input(s)\u00a0\u00bb,\u00a0\u00bbsingular\u00a0\u00bb:\u00a0\u00bb&#8211; Contact Form Input %s\u00a0\u00bb}}__CONFIG_group_edit____CONFIG_local_colors__{\u00ab\u00a0colors\u00a0\u00bb:{\u00ab\u00a0c4549&Prime;:\u00a0\u00bbRoyal Blue\u00a0\u00bb,\u00a0\u00bb56de9&Prime;:\u00a0\u00bbAlabaster\u00a0\u00bb,\u00a0\u00bb6957a\u00a0\u00bb:\u00a0\u00bbBunker\u00a0\u00bb,\u00a0\u00bbae168&Prime;:\u00a0\u00bbRoyal Blue\u00a0\u00bb},\u00a0\u00bbgradients\u00a0\u00bb:{}}__CONFIG_local_colors__    <\/p>\n<h2>Contactez-nous<\/h2>\n<p>Vous souhaitez en savoir plus et m\u00eame tester le Walking Desk dans votre entreprise ou dans notre showroom ?<\/p>\n<p><span><img decoding=\"async\" alt=\"\" data-id=\"571\" width=\"164\" data-init-width=\"300\" height=\"164\" data-init-height=\"300\" title=\"telemarketing-call-center-transparent-600sq\" loading=\"lazy\" src=\"https:\/\/activup.net\/wp-content\/uploads\/2020\/11\/telemarketing-call-center-transparent-600sq-300x300.png\" data-width=\"164\" data-height=\"164\" style=\"\"><\/span>  <\/p>\n<p><strong>Nos showrooms<\/strong> (sur RDV exclusivement)<\/p>\n<p><strong>Paris 17e<\/strong> : 27 rue des Renaudes<\/p>\n<p><strong>Archamps<\/strong> (Haute-Savoie)<\/p>\n<p>Appelez-nous au<\/p>\n<p><span data-attr-id=\"3\" data-extra_key=\"1\" data-option-inline=\"1\" data-shortcode=\"thrive_global_fields\" data-shortcode-name=\"[Company] Phone number\">+33 1 85 08 60 18<\/span><\/p>\n<div class='fluentform ff-default fluentform_wrapper_2 ffs_default_wrap'><form data-form_id=\"2\" id=\"fluentform_2\" class=\"frm-fluent-form fluent_form_2 ff-el-form-top ff_form_instance_2_1 ff-form-loading ff_has_v3_recptcha ffs_default\" data-form_instance=\"ff_form_instance_2_1\" method=\"POST\" data-recptcha_key=\"6LcaRdUkAAAAANwFcx2DAcZt1T8_a1cMrBUIxqXW\" ><fieldset  style=\"border: none!important;margin: 0!important;padding: 0!important;background-color: transparent!important;box-shadow: none!important;outline: none!important; min-inline-size: 100%;\">\n                    <legend class=\"ff_screen_reader_title\" style=\"display: block; margin: 0!important;padding: 0!important;height: 0!important;text-indent: -999999px;width: 0!important;overflow:hidden;\">Contact Form Fr<\/legend><input type='hidden' name='__fluent_form_embded_post_id' value='879' \/><input type=\"hidden\" id=\"_fluentform_2_fluentformnonce\" name=\"_fluentform_2_fluentformnonce\" value=\"4ea592806a\" \/><input type=\"hidden\" name=\"_wp_http_referer\" value=\"\/fr\/wp-json\/wp\/v2\/pages\/879\" \/><div class='ff-el-group'><div class=\"ff-el-input--label ff-el-is-required asterisk-right\"><label for='ff_2_email' id='label_ff_2_email' aria-label=\"Email\">Email<\/label><\/div><div class='ff-el-input--content'><input type=\"email\" name=\"email\" id=\"ff_2_email\" class=\"ff-el-form-control\" placeholder=\"Votre adresse email...\" data-name=\"email\"  aria-invalid=\"false\" aria-required=true><\/div><\/div><div data-type=\"name-element\" data-name=\"names\" class=\" ff-field_container ff-name-field-wrapper\" ><div class='ff-t-container'><div class='ff-t-cell '><div class='ff-el-group'><div class=\"ff-el-input--label ff-el-is-required asterisk-right\"><label for='ff_2_names_first_name_' id='label_ff_2_names_first_name_' >Pr\u00e9nom<\/label><\/div><div class='ff-el-input--content'><input type=\"text\" name=\"names[first_name]\" id=\"ff_2_names_first_name_\" class=\"ff-el-form-control\" placeholder=\"Votre pr\u00e9nom...\" aria-invalid=\"false\" aria-required=true><\/div><\/div><\/div><div class='ff-t-cell '><div class='ff-el-group'><div class=\"ff-el-input--label ff-el-is-required asterisk-right\"><label for='ff_2_names_last_name_' id='label_ff_2_names_last_name_' >Nom<\/label><\/div><div class='ff-el-input--content'><input type=\"text\" name=\"names[last_name]\" id=\"ff_2_names_last_name_\" class=\"ff-el-form-control\" placeholder=\"Votre nom de famille...\" aria-invalid=\"false\" aria-required=true><\/div><\/div><\/div><\/div><\/div><div data-name=\"ff_cn_id_1\"  class='ff-t-container ff-column-container ff_columns_total_2 '><div class='ff-t-cell ff-t-column-1' style='flex-basis: 50%;'><div class='ff-el-group'><div class=\"ff-el-input--label asterisk-right\"><label for='ff_2_company' id='label_ff_2_company' aria-label=\"Entreprise\">Entreprise<\/label><\/div><div class='ff-el-input--content'><input type=\"text\" name=\"company\" class=\"ff-el-form-control\" data-name=\"company\" id=\"ff_2_company\"  aria-invalid=\"false\" aria-required=false><\/div><\/div><\/div><div class='ff-t-cell ff-t-column-2' style='flex-basis: 50%;'><div class='ff-el-group'><div class=\"ff-el-input--label asterisk-right\"><label for='ff_2_phone' id='label_ff_2_phone' aria-label=\"Mobile\">Mobile<\/label><\/div><div class='ff-el-input--content'><input name=\"phone\" class=\"ff-el-form-control ff-el-phone\" type=\"tel\" placeholder=\"Votre num\u00e9ro de mobile...\" data-name=\"phone\" id=\"ff_2_phone\" inputmode=\"tel\"  aria-invalid='false' aria-required=false><\/div><\/div><\/div><\/div><div class='ff-el-group'><div class=\"ff-el-input--label ff-el-is-required asterisk-right\"><label for='ff_2_subject' id='label_ff_2_subject' aria-label=\"Votre demande\">Votre demande<\/label><\/div><div class='ff-el-input--content'><input type=\"text\" name=\"subject\" class=\"ff-el-form-control\" placeholder=\"Sujet de votre demande...\" data-name=\"subject\" id=\"ff_2_subject\"  aria-invalid=\"false\" aria-required=true><\/div><\/div><div class='ff-el-group'><div class=\"ff-el-input--label ff-el-is-required asterisk-right\"><label for='ff_2_message' id='label_ff_2_message' aria-label=\"Votre message\">Votre message<\/label><\/div><div class='ff-el-input--content'><textarea aria-required=\"true\" aria-labelledby=\"label_ff_2_message\" name=\"message\" id=\"ff_2_message\" class=\"ff-el-form-control\" placeholder=\"Contenu de votre message...\" rows=\"6\" cols=\"2\" data-name=\"message\" ><\/textarea><\/div><\/div><input type=\"hidden\" name=\"utm_hist\" data-name=\"utm_hist\" ><input type=\"hidden\" name=\"ref_hist\" data-name=\"ref_hist\" ><input type=\"hidden\" name=\"form_name\" value=\"Contact Form\" data-name=\"form_name\" ><input type=\"hidden\" name=\"valid_url\" data-name=\"valid_url\" ><input type=\"hidden\" name=\"submit_url\" value=\"https:\/\/activup.net\/fr\/wp-json\/wp\/v2\/pages\/879\" data-name=\"submit_url\" ><input type=\"hidden\" name=\"utm_src\" data-name=\"utm_src\" ><input type=\"hidden\" name=\"utm_cpn\" data-name=\"utm_cpn\" ><input type=\"hidden\" name=\"utm_mdm\" data-name=\"utm_mdm\" ><input type=\"hidden\" name=\"utm_cnt\" data-name=\"utm_cnt\" ><input type=\"hidden\" name=\"utm_trm\" data-name=\"utm_trm\" ><input type=\"hidden\" name=\"clid\" data-name=\"clid\" ><input type=\"hidden\" name=\"hubspotutk\" data-name=\"hubspotutk\" ><input type=\"hidden\" name=\"submit_urls\" value=\"https:\/\/activup.net\/fr\/wp-json\/wp\/v2\/pages\/879\" data-name=\"submit_urls\" ><div class='ff-el-group ff-text-left ff_submit_btn_wrapper'><button type=\"submit\" class=\"ff-btn ff-btn-submit ff-btn-md ff_btn_style\"  aria-label=\"Envoyez la demande\">Envoyez la demande<\/button><\/div><\/fieldset><\/form><div id='fluentform_2_errors' class='ff-errors-in-stack ff_form_instance_2_1 ff-form-loading_errors ff_form_instance_2_1_errors'><\/div><\/div>            <script type=\"text\/javascript\">\n                window.fluent_form_ff_form_instance_2_1 = {\"id\":\"2\",\"settings\":{\"layout\":{\"labelPlacement\":\"top\",\"helpMessagePlacement\":\"with_label\",\"errorMessagePlacement\":\"inline\",\"cssClassName\":\"\",\"asteriskPlacement\":\"asterisk-right\"},\"restrictions\":{\"denyEmptySubmission\":{\"enabled\":false}}},\"form_instance\":\"ff_form_instance_2_1\",\"form_id_selector\":\"fluentform_2\",\"rules\":{\"email\":{\"required\":{\"value\":true,\"message\":\"Ce champ est obligatoire\"},\"email\":{\"value\":true,\"message\":\"Ce champ doit \\u00eatre une adresse email valide\"}},\"names[first_name]\":{\"required\":{\"value\":true,\"message\":\"Ce champ est obligatoire\"}},\"names[middle_name]\":{\"required\":{\"value\":false,\"message\":\"This field is required\"}},\"names[last_name]\":{\"required\":{\"value\":true,\"message\":\"Ce champ est obligatoire\"}},\"company\":{\"required\":{\"value\":false,\"message\":\"Ce champ est obligatoire\"}},\"phone\":{\"required\":{\"value\":false,\"message\":\"Ce champ est requis\"},\"valid_phone_number\":{\"value\":false,\"message\":\"Le num\\u00e9ro de t\\u00e9l\\u00e9phone n'est pas valide\"}},\"subject\":{\"required\":{\"value\":true,\"message\":\"Ce champ est obligatoire\"}},\"message\":{\"required\":{\"value\":true,\"message\":\"Ce champ est obligatoire\"}},\"g-recaptcha-response\":[]},\"debounce_time\":300};\n                            <\/script>\n            \n","protected":false},"excerpt":{"rendered":"<p>Cas d&rsquo;usage client Le Walking Desk s&rsquo;adapte \u00e0 votre fa\u00e7on de travailler D\u00e9couvrez les principales configurations de Walking Desks. Il y en a forc\u00e9ment une qui va vous convenir. Que ce soit pour vous seul, pour le partager avec vos coll\u00e8gues. Que vous ayez besoin d&rsquo;espace sur le bureau ou au contraire d&rsquo;un \u00e9quipement le [&hellip;]<\/p>\n","protected":false},"author":4,"featured_media":0,"parent":0,"menu_order":0,"comment_status":"closed","ping_status":"closed","template":"","meta":{"_seopress_robots_primary_cat":"","_seopress_titles_title":"Cas d&#039;usage du Walking Desk : R\u00e9union, Solo, T\u00e9l\u00e9travail","_seopress_titles_desc":"D\u00e9couvrez les principaux usages des utilisateurs de Walking Desks ActivUP. Faire des r\u00e9unions en marchant, marcher en t\u00e9l\u00e9travail, usage partag\u00e9 en open-space, etc","_seopress_robots_index":"","bwfblock_default_font":"","footnotes":""},"wf_page_folders":[73],"class_list":["post-879","page","type-page","status-publish","hentry","post-wrapper","thrv_wrapper"],"_links":{"self":[{"href":"https:\/\/activup.net\/fr\/wp-json\/wp\/v2\/pages\/879","targetHints":{"allow":["GET"]}}],"collection":[{"href":"https:\/\/activup.net\/fr\/wp-json\/wp\/v2\/pages"}],"about":[{"href":"https:\/\/activup.net\/fr\/wp-json\/wp\/v2\/types\/page"}],"author":[{"embeddable":true,"href":"https:\/\/activup.net\/fr\/wp-json\/wp\/v2\/users\/4"}],"replies":[{"embeddable":true,"href":"https:\/\/activup.net\/fr\/wp-json\/wp\/v2\/comments?post=879"}],"version-history":[{"count":15,"href":"https:\/\/activup.net\/fr\/wp-json\/wp\/v2\/pages\/879\/revisions"}],"predecessor-version":[{"id":24027,"href":"https:\/\/activup.net\/fr\/wp-json\/wp\/v2\/pages\/879\/revisions\/24027"}],"wp:attachment":[{"href":"https:\/\/activup.net\/fr\/wp-json\/wp\/v2\/media?parent=879"}],"wp:term":[{"taxonomy":"wf_page_folders","embeddable":true,"href":"https:\/\/activup.net\/fr\/wp-json\/wp\/v2\/wf_page_folders?post=879"}],"curies":[{"name":"wp","href":"https:\/\/api.w.org\/{rel}","templated":true}]}}