{"id":9274,"date":"2022-10-23T12:42:37","date_gmt":"2022-10-23T10:42:37","guid":{"rendered":"https:\/\/activupnet.eu2.copilhost.cloud\/?page_id=9274"},"modified":"2022-10-23T13:25:25","modified_gmt":"2022-10-23T11:25:25","slug":"conf","status":"publish","type":"page","link":"https:\/\/activup.net\/fr\/guide\/bouger-plus-travailler-mieux\/conf\/","title":{"rendered":"Confirmation Guide \u00abBouger plus pour travailler mieux\u00bb"},"content":{"rendered":"<p style=\"text-align: left;\">Vous aussi, vous pouvez vous sentir bien en t\u00e9l\u00e9travail, rien qu&rsquo;en marchant \u00e0 votre bureau !<\/p>\n<h2><strong>Merci pour votre demande du guide \u00ab Bouger plus pour travailler mieux \u00bb<\/strong><\/h2>\n<h2>Pour le t\u00e9l\u00e9charger, vous n&rsquo;avez plus qu&rsquo;\u00e0 cliquer dans le lien qui vous a \u00e9t\u00e9 envoy\u00e9 par email.<\/h2>\n<p><span><img decoding=\"async\" alt=\"\" data-id=\"1574\" width=\"348\" data-init-width=\"914\" height=\"322\" data-init-height=\"846\" title=\"Guide-LivreBlanc-Teletravail-BougerPlus-107-cover3D-45deg\" src=\"https:\/\/activup.net\/wp-content\/uploads\/2021\/11\/Guide-LivreBlanc-Teletravail-BougerPlus-107-cover3D-45deg.png\" data-width=\"348\" data-height=\"322\" style=\"\" loading=\"lazy\"><\/span><\/p>\n<p style=\"text-align: left;\">le lien vers le guide vous a \u00e9t\u00e9 envoy\u00e9 par email<\/p>\n<h2>Si vous n&rsquo;avez pas re\u00e7u notre email<\/h2>\n<p>Attendez quelques minutes, et \u00e9ventuellement, v\u00e9rifiez dans vos spams.<\/p>\n<p>Si dans les 10 minutes qui viennent, vous ne l&rsquo;avez pas re\u00e7u, c&rsquo;est peut-\u00eatre une erreur de frappe sur votre email. Dans ce cas, veuillez recommencer en retournant \u00e0 la page pr\u00e9c\u00e9dente.&nbsp;<\/p>\n<p>Vous pouvez aussi nous contacter ci-dessous.<\/p>\n<p>__CONFIG_group_edit__{\u00ab\u00a0k7g25n3o\u00a0\u00bb:{\u00ab\u00a0name\u00a0\u00bb:\u00a0\u00bbAll Icon(s)\u00a0\u00bb,\u00a0\u00bbsingular\u00a0\u00bb:\u00a0\u00bb&#8211; Icon %s\u00a0\u00bb},\u00a0\u00bbk7g25s38&Prime;:{\u00ab\u00a0name\u00a0\u00bb:\u00a0\u00bbAll Contact Detail(s)\u00a0\u00bb,\u00a0\u00bbsingular\u00a0\u00bb:\u00a0\u00bb&#8211; Text %s\u00a0\u00bb},\u00a0\u00bbk7g26hhs\u00a0\u00bb:{\u00ab\u00a0name\u00a0\u00bb:\u00a0\u00bbAll Contact Form Input(s)\u00a0\u00bb,\u00a0\u00bbsingular\u00a0\u00bb:\u00a0\u00bb&#8211; Contact Form Input %s\u00a0\u00bb}}__CONFIG_group_edit____CONFIG_local_colors__{\u00ab\u00a0colors\u00a0\u00bb:{\u00ab\u00a0c4549&Prime;:\u00a0\u00bbRoyal Blue\u00a0\u00bb,\u00a0\u00bb56de9&Prime;:\u00a0\u00bbAlabaster\u00a0\u00bb,\u00a0\u00bb6957a\u00a0\u00bb:\u00a0\u00bbBunker\u00a0\u00bb,\u00a0\u00bbae168&Prime;:\u00a0\u00bbRoyal Blue\u00a0\u00bb},\u00a0\u00bbgradients\u00a0\u00bb:{}}__CONFIG_local_colors__<\/p>\n<h2>Contactez-nous<\/h2>\n<p>Vous souhaitez en savoir plus et m\u00eame tester le Walking Desk dans votre entreprise ou dans notre showroom ?<\/p>\n<p><span><img decoding=\"async\" alt=\"\" data-id=\"571\" width=\"164\" data-init-width=\"300\" height=\"164\" data-init-height=\"300\" title=\"telemarketing-call-center-transparent-600sq\" loading=\"lazy\" src=\"https:\/\/activup.net\/wp-content\/uploads\/2020\/11\/telemarketing-call-center-transparent-600sq-300x300.png\" data-width=\"164\" data-height=\"164\" style=\"\"><\/span><\/p>\n<p><strong>Nos showrooms<\/strong> (sur RDV exclusivement)<\/p>\n<p><strong>Paris 17e<\/strong> : 27 rue des Renaudes<\/p>\n<p><strong>Archamps<\/strong> (Haute-Savoie)<\/p>\n<p>Appelez-nous au<\/p>\n<p><span data-attr-id=\"3\" data-extra_key=\"1\" data-option-inline=\"1\" data-shortcode=\"thrive_global_fields\" data-shortcode-name=\"[Company] Phone number\">+33 1 85 08 60 18<\/span><\/p>\n<p>[tcb-script charset=\u00a0\u00bbutf-8&Prime; type=\u00a0\u00bbtext\/javascript\u00a0\u00bb src=\u00a0\u00bb\/\/js.hsforms.net\/forms\/shell.js\u00a0\u00bb][\/tcb-script] [tcb-script] hbspt.forms.create({ portalId: \u00ab\u00a03959277\u00a0\u00bb, formId: \u00ab\u00a064249f84-222c-4072-9249-8fbc859e8545\u00a0\u00bb }); [\/tcb-script]<\/p>\n","protected":false},"excerpt":{"rendered":"<p>Vous aussi, vous pouvez vous sentir bien en t\u00e9l\u00e9travail, rien qu&rsquo;en marchant \u00e0 votre bureau ! Merci pour votre demande du guide \u00ab Bouger plus pour travailler mieux \u00bb Pour le t\u00e9l\u00e9charger, vous n&rsquo;avez plus qu&rsquo;\u00e0 cliquer dans le lien qui vous a \u00e9t\u00e9 envoy\u00e9 par email. le lien vers le guide vous a \u00e9t\u00e9 [&hellip;]<\/p>\n","protected":false},"author":4,"featured_media":0,"parent":9270,"menu_order":0,"comment_status":"closed","ping_status":"closed","template":"","meta":{"_seopress_robots_primary_cat":"","_seopress_titles_title":"","_seopress_titles_desc":"","_seopress_robots_index":"yes","bwfblock_default_font":"","footnotes":""},"wf_page_folders":[148],"class_list":["post-9274","page","type-page","status-publish","hentry","post-wrapper","thrv_wrapper"],"_links":{"self":[{"href":"https:\/\/activup.net\/fr\/wp-json\/wp\/v2\/pages\/9274","targetHints":{"allow":["GET"]}}],"collection":[{"href":"https:\/\/activup.net\/fr\/wp-json\/wp\/v2\/pages"}],"about":[{"href":"https:\/\/activup.net\/fr\/wp-json\/wp\/v2\/types\/page"}],"author":[{"embeddable":true,"href":"https:\/\/activup.net\/fr\/wp-json\/wp\/v2\/users\/4"}],"replies":[{"embeddable":true,"href":"https:\/\/activup.net\/fr\/wp-json\/wp\/v2\/comments?post=9274"}],"version-history":[{"count":1,"href":"https:\/\/activup.net\/fr\/wp-json\/wp\/v2\/pages\/9274\/revisions"}],"predecessor-version":[{"id":9275,"href":"https:\/\/activup.net\/fr\/wp-json\/wp\/v2\/pages\/9274\/revisions\/9275"}],"up":[{"embeddable":true,"href":"https:\/\/activup.net\/fr\/wp-json\/wp\/v2\/pages\/9270"}],"wp:attachment":[{"href":"https:\/\/activup.net\/fr\/wp-json\/wp\/v2\/media?parent=9274"}],"wp:term":[{"taxonomy":"wf_page_folders","embeddable":true,"href":"https:\/\/activup.net\/fr\/wp-json\/wp\/v2\/wf_page_folders?post=9274"}],"curies":[{"name":"wp","href":"https:\/\/api.w.org\/{rel}","templated":true}]}}