{"id":23628,"date":"2024-01-22T12:27:02","date_gmt":"2024-01-22T10:27:02","guid":{"rendered":"https:\/\/activupnet.eu2.copilhost.cloud\/?post_type=product&#038;p=23628"},"modified":"2024-07-05T08:29:45","modified_gmt":"2024-07-05T06:29:45","slug":"walking-desk-softwalk-bureau-electrique-melamine-120x80cm","status":"publish","type":"product","link":"https:\/\/activup.net\/fr\/shop\/product\/walking-desk-softwalk-bureau-electrique-melamine-120x80cm\/","title":{"rendered":"Walking Desk Softwalk avec plateau m\u00e9lamin\u00e9 blanc 120x80cm"},"content":{"rendered":"<p>Marcher tous les jours \u00e0 votre bureau, sans effort, sans bruit, et sans y penser.<br \/>\nTous les b\u00e9n\u00e9fices de la marche, sans les inconv\u00e9nients.<\/p>\n<p>Le tapis de marche ActivUP Softwalk est robuste, confortable et silencieux, pour le bureau ou le t\u00e9l\u00e9travail. Il peut \u00eatre utilis\u00e9 toute le journ\u00e9e, \u00e0 la fois partag\u00e9 entre coll\u00e8gues ou \u00e0 la maison avec les membres de la famille.<br \/>\nIl convient \u00e9galement \u00e0 l\u2019utilisation partag\u00e9e en entreprise.<\/p>\n<p>Le bureau ActivUP M\u00e9lamin\u00e9 120 est un bureau premium \u00e9quip\u00e9 d\u2019un plateau m\u00e9lamin\u00e9 blanc de 1m20 par 80cm. Il monte jusqu\u2019\u00e0 1m50 de haut, ce qui est parfait pour s\u2019associer avec le tapis de marche.<\/p>\n<p>FREQUENCE D\u2019UTILISATION : Intensif (jusqu\u2019\u00e0 40h par semaine)<br \/>\nFONCTIONNALIT\u00c9S DE LA CONSOLE : d\u00e9marrage\/arr\u00eat, r\u00e9glage de la vitesse, nombre de pas, distance, vitesse, dur\u00e9e de marche, calories d\u00e9pens\u00e9es<br \/>\nSILENCE : seulement 30 dB \u00e0 2 km\/h<br \/>\nCONFORT : Mousse moelleuse (8mm) en polyur\u00e9thane sous la bande de roulement<br \/>\nREGLAGE DE VITESSE : 1-8 km\/h (par pas de 0,1 km\/h)<br \/>\nPUISSANCE DU MOTEUR : 3,0 CV<br \/>\nAPPLICATION MOBILE : commande du tapis, historique d\u2019utilisation<\/p>\n<p><strong><span style=\"text-decoration: underline;\">Pourquoi travailler en marchant ?<\/span><\/strong><\/p>\n<ul>\n<li>Pour travailler mieux, \u00eatre plus productif (cr\u00e9ativit\u00e9, concentration, m\u00e9morisation)<\/li>\n<li>Pour se sentir mieux (am\u00e9lioration du sommeil et de la posture dorsale, r\u00e9duction du stress<\/li>\n<li>Pour am\u00e9liorer sa sant\u00e9 (pr\u00e9vention cardio-vasculaire, cancer, diab\u00e8te, mal de dos)<\/li>\n<li>Pour perdre du poids (jusqu\u2019\u00e0 3 kg\/mois, typiquement 500g \u00e0 1kg\/mois, soit 6 \u00e0 12 kg\/an)<\/li>\n<\/ul>\n<p><span style=\"text-decoration: underline;\"><strong>A quelle fr\u00e9quence est-il recommand\u00e9 de marcher ?<\/strong><\/span><br \/>\nL\u2019OMS recommande 30 min \u00e0 1 heure d\u2019activit\u00e9 physique par jour. Pourtant, les travailleurs europ\u00e9ens restent assis environ 11h par jour. Avec votre Walking Desk, vous pouvez marcher 1 heure par jour, tous les jours, sans y consacrer du temps. Pour maigrir, il est recommand\u00e9 de marcher 2 \u00e0 4h\/jour. Certains utilisateurs peuvent m\u00eame aller jusqu\u2019\u00e0 se passer de si\u00e8ge et marcher ou rester debout toute la journ\u00e9e.<\/p>\n<p><span style=\"text-decoration: underline;\"><strong>Quoi faire sur son Walking Desk ?<\/strong><\/span><br \/>\nVous pouvez faire sur le Walking Desk tout ce que vous faites d\u00e9j\u00e0 sur votre bureau. Il est tr\u00e8s facile de passer ses visio-conf\u00e9rences, r\u00e9diger ses emails et documents. Apr\u00e8s quelques jours\/semaines d\u2019utilisation, il est m\u00eame possible de faire des t\u00e2ches qui n\u00e9cessitent de la dext\u00e9rit\u00e9 avec la souris, comme la r\u00e9alisation de powerpoints ou la retouche de photos.<\/p>\n","protected":false},"excerpt":{"rendered":"<p>Le bureau ActivUP M\u00e9lamin\u00e9 120 est un bureau premium \u00e9quip\u00e9 d\u2019un <strong>plateau m\u00e9lamin\u00e9 blanc<\/strong> de <strong>1m20 par 80cm<\/strong>. Il monte jusqu\u2019\u00e0 1m50 de haut, ce qui est parfait pour aller avec le tapis de marche. <strong>Marcher tous les jours<\/strong> \u00e0 votre bureau, sans effort, sans bruit, et sans y penser. <strong>Tous les b\u00e9n\u00e9fices de la marche, sans les inconv\u00e9nients<\/strong>. Le tapis de marche ActivUP Softwalk est <strong>robuste, confortable et silencieux<\/strong>, pour le bureau ou le t\u00e9l\u00e9travail. Vous pouvez l\u2019utiliser toute le journ\u00e9e et le partager entre coll\u00e8gues ou membres de la famille.<\/p>\n","protected":false},"featured_media":11295,"comment_status":"open","ping_status":"closed","template":"","meta":{"_seopress_robots_primary_cat":"none","_seopress_titles_title":"","_seopress_titles_desc":"","_seopress_robots_index":"","bwfblock_default_font":""},"product_brand":[],"product_cat":[63],"product_tag":[236,237,230,243],"class_list":{"0":"post-23628","1":"product","2":"type-product","3":"status-publish","4":"has-post-thumbnail","6":"product_cat-walking-desk","7":"product_tag-90cm","8":"product_tag-melamine","9":"product_tag-softwalk","10":"product_tag-swml","11":"product_shipping_class-wd-palette","12":"post-wrapper","13":"thrv_wrapper","15":"first","16":"instock","17":"taxable","18":"shipping-taxable","19":"purchasable","20":"product-type-simple"},"_links":{"self":[{"href":"https:\/\/activup.net\/fr\/wp-json\/wp\/v2\/product\/23628","targetHints":{"allow":["GET"]}}],"collection":[{"href":"https:\/\/activup.net\/fr\/wp-json\/wp\/v2\/product"}],"about":[{"href":"https:\/\/activup.net\/fr\/wp-json\/wp\/v2\/types\/product"}],"replies":[{"embeddable":true,"href":"https:\/\/activup.net\/fr\/wp-json\/wp\/v2\/comments?post=23628"}],"wp:featuredmedia":[{"embeddable":true,"href":"https:\/\/activup.net\/fr\/wp-json\/wp\/v2\/media\/11295"}],"wp:attachment":[{"href":"https:\/\/activup.net\/fr\/wp-json\/wp\/v2\/media?parent=23628"}],"wp:term":[{"taxonomy":"product_brand","embeddable":true,"href":"https:\/\/activup.net\/fr\/wp-json\/wp\/v2\/product_brand?post=23628"},{"taxonomy":"product_cat","embeddable":true,"href":"https:\/\/activup.net\/fr\/wp-json\/wp\/v2\/product_cat?post=23628"},{"taxonomy":"product_tag","embeddable":true,"href":"https:\/\/activup.net\/fr\/wp-json\/wp\/v2\/product_tag?post=23628"}],"curies":[{"name":"wp","href":"https:\/\/api.w.org\/{rel}","templated":true}]}}