{"id":2451,"date":"2021-12-29T23:42:19","date_gmt":"2021-12-29T21:42:19","guid":{"rendered":"https:\/\/activupnet.eu2.copilhost.cloud\/?post_type=product&#038;p=2451"},"modified":"2024-01-22T10:39:06","modified_gmt":"2024-01-22T08:39:06","slug":"easywalk-90h","status":"publish","type":"product","link":"https:\/\/activup.net\/fr\/shop\/product\/easywalk-90h\/","title":{"rendered":"Easywalk 90"},"content":{"rendered":"<div class=\"thrv_wrapper thrv-styled_list\" data-icon-code=\"icon-check\" data-css=\"tve-u-17812879bf9\">\n<p>Walking Desk \u00e0 usage mod\u00e9r\u00e9, r\u00e9tractable<\/p>\n<ul class=\"tcb-styled-list\">\n<li class=\"thrv-styled-list-item\" data-css=\"tve-u-1781285fe7d\"><span class=\"thrv-advanced-inline-text tve_editable tcb-styled-list-icon-text tcb-no-delete tcb-no-save\" data-css=\"tve-u-17812850415\">Bureau noir de <strong>90x50cm<\/strong><\/span><\/li>\n<li class=\"thrv-styled-list-item\" data-css=\"tve-u-1781285fe7d\"><span class=\"thrv-advanced-inline-text tve_editable tcb-styled-list-icon-text tcb-no-delete tcb-no-save\" data-css=\"tve-u-17812850415\">Silencieux : moins de 40dB \u00e0 2km\/h<\/span><\/li>\n<li class=\"thrv-styled-list-item\" data-css=\"tve-u-1781285fe7d\"><span class=\"thrv-advanced-inline-text tve_editable tcb-styled-list-icon-text tcb-no-delete tcb-no-save\" data-css=\"tve-u-17812850415\">R\u00e9tractable<\/span><\/li>\n<li class=\"thrv-styled-list-item\" data-css=\"tve-u-1781285fe7d\"><span class=\"thrv-advanced-inline-text tve_editable tcb-styled-list-icon-text tcb-no-delete tcb-no-save\" data-css=\"tve-u-17812850415\">Tr\u00e8s compact : moins d&rsquo;un m\u00b2 au sol\u00a0<\/span><\/li>\n<li class=\"thrv-styled-list-item\" data-css=\"tve-u-1781285fe7d\"><span class=\"thrv-advanced-inline-text tve_editable tcb-styled-list-icon-text tcb-no-delete tcb-no-save\" data-css=\"tve-u-17812850415\">Tr\u00e8s confortable : mousse amortissante<br \/>\n<\/span><\/li>\n<li class=\"thrv-styled-list-item\" data-css=\"tve-u-1781285fe7d\"><span class=\"thrv-advanced-inline-text tve_editable tcb-styled-list-icon-text tcb-no-delete tcb-no-save\" data-css=\"tve-u-17812850415\">Hauteur r\u00e9glable \u00e9lectriquement\u00a0<\/span><\/li>\n<\/ul>\n<\/div>\n<div class=\"thrv_wrapper thrv_text_element\">\n<p>Convient pour un usage mod\u00e9r\u00e9 (2h par jour en moyenne). Le confort de marche est excellent avec une mousse sous la bande de roulement. Bien adapt\u00e9 aux petits espaces, salon ou chambre \u00e0 coucher, gr\u00e2ce \u00e0 son syst\u00e8me r\u00e9tractable : 1,4m\u00b2 au sol d\u00e9pli\u00e9, moins d&rsquo;un m\u00b2 quand il est r\u00e9tract\u00e9. Hauteur r\u00e9glable \u00e9lectriquement jusqu\u2019\u00e0 1m50, pour des utilisateurs mesurant jusqu&rsquo;\u00e0 1m90.<\/p>\n<\/div>\n","protected":false},"excerpt":{"rendered":"<p>Walking Desk \u00e0 usage mod\u00e9r\u00e9, r\u00e9tractable.<\/p>\n<p>Bureau r\u00e9glable en hauteur avec un plateau de 90cm x 50cm.<\/p>\n<p>Marche tr\u00e8s confortable. Faible bruit de fonctionnement.<\/p>\n<p>Application mobile.<\/p>\n","protected":false},"featured_media":1465,"comment_status":"open","ping_status":"closed","template":"","meta":{"_seopress_robots_primary_cat":"none","_seopress_titles_title":"","_seopress_titles_desc":"","_seopress_robots_index":"","bwfblock_default_font":""},"product_brand":[],"product_cat":[63],"product_tag":[],"class_list":{"0":"post-2451","1":"product","2":"type-product","3":"status-publish","4":"has-post-thumbnail","6":"product_cat-walking-desk","7":"product_shipping_class-wd-palette","8":"post-wrapper","9":"thrv_wrapper","11":"first","12":"onbackorder","13":"taxable","14":"shipping-taxable","15":"purchasable","16":"product-type-simple"},"_links":{"self":[{"href":"https:\/\/activup.net\/fr\/wp-json\/wp\/v2\/product\/2451","targetHints":{"allow":["GET"]}}],"collection":[{"href":"https:\/\/activup.net\/fr\/wp-json\/wp\/v2\/product"}],"about":[{"href":"https:\/\/activup.net\/fr\/wp-json\/wp\/v2\/types\/product"}],"replies":[{"embeddable":true,"href":"https:\/\/activup.net\/fr\/wp-json\/wp\/v2\/comments?post=2451"}],"wp:featuredmedia":[{"embeddable":true,"href":"https:\/\/activup.net\/fr\/wp-json\/wp\/v2\/media\/1465"}],"wp:attachment":[{"href":"https:\/\/activup.net\/fr\/wp-json\/wp\/v2\/media?parent=2451"}],"wp:term":[{"taxonomy":"product_brand","embeddable":true,"href":"https:\/\/activup.net\/fr\/wp-json\/wp\/v2\/product_brand?post=2451"},{"taxonomy":"product_cat","embeddable":true,"href":"https:\/\/activup.net\/fr\/wp-json\/wp\/v2\/product_cat?post=2451"},{"taxonomy":"product_tag","embeddable":true,"href":"https:\/\/activup.net\/fr\/wp-json\/wp\/v2\/product_tag?post=2451"}],"curies":[{"name":"wp","href":"https:\/\/api.w.org\/{rel}","templated":true}]}}