{"id":922,"date":"2020-11-29T22:46:18","date_gmt":"2020-11-29T20:46:18","guid":{"rendered":"https:\/\/activupnet.eu2.copilhost.cloud\/?post_type=product&#038;p=922"},"modified":"2024-05-06T10:16:21","modified_gmt":"2024-05-06T08:16:21","slug":"ballon-siege-75cm-feutrine-anthracite","status":"publish","type":"product","link":"https:\/\/activup.net\/fr\/shop\/product\/ballon-siege-75cm-feutrine-anthracite\/","title":{"rendered":"Ballon si\u00e8ge finition feutrine anthracite 75cm \u00e0 gonfler"},"content":{"rendered":"<p>Pour pouvoir vous asseoir sur votre Walking Desk, nous vous proposons ce magnifique ballon si\u00e8ge, avec une finition feutrine, de couleur anthracite. Il dispose d&rsquo;une poign\u00e9e pour le d\u00e9placer facilement.<\/p>\n<p>Ce produit peut \u00eatre livr\u00e9 d\u00e9gonfl\u00e9 ou gonfl\u00e9. Si vous choisissez d\u00e9gonfl\u00e9, il vous faudra une pompe ou un compresseur pour le gonfler.<\/p>\n","protected":false},"excerpt":{"rendered":"<p>Ballon si\u00e8ge de 75cm livr\u00e9 d\u00e9gonfl\u00e9. Enveloppe finition feutrine avec poign\u00e9e.<\/p>\n","protected":false},"featured_media":925,"comment_status":"open","ping_status":"closed","template":"","meta":{"_seopress_robots_primary_cat":"none","_seopress_titles_title":"","_seopress_titles_desc":"","_seopress_robots_index":"","bwfblock_default_font":""},"product_brand":[],"product_cat":[64],"product_tag":[67,68],"class_list":{"0":"post-922","1":"product","2":"type-product","3":"status-publish","4":"has-post-thumbnail","6":"product_cat-accessoires","7":"product_tag-ballon","8":"product_tag-siege","9":"product_shipping_class-acc-colis","10":"post-wrapper","11":"thrv_wrapper","13":"first","14":"instock","15":"taxable","16":"shipping-taxable","17":"purchasable","18":"product-type-simple"},"_links":{"self":[{"href":"https:\/\/activup.net\/fr\/wp-json\/wp\/v2\/product\/922","targetHints":{"allow":["GET"]}}],"collection":[{"href":"https:\/\/activup.net\/fr\/wp-json\/wp\/v2\/product"}],"about":[{"href":"https:\/\/activup.net\/fr\/wp-json\/wp\/v2\/types\/product"}],"replies":[{"embeddable":true,"href":"https:\/\/activup.net\/fr\/wp-json\/wp\/v2\/comments?post=922"}],"wp:featuredmedia":[{"embeddable":true,"href":"https:\/\/activup.net\/fr\/wp-json\/wp\/v2\/media\/925"}],"wp:attachment":[{"href":"https:\/\/activup.net\/fr\/wp-json\/wp\/v2\/media?parent=922"}],"wp:term":[{"taxonomy":"product_brand","embeddable":true,"href":"https:\/\/activup.net\/fr\/wp-json\/wp\/v2\/product_brand?post=922"},{"taxonomy":"product_cat","embeddable":true,"href":"https:\/\/activup.net\/fr\/wp-json\/wp\/v2\/product_cat?post=922"},{"taxonomy":"product_tag","embeddable":true,"href":"https:\/\/activup.net\/fr\/wp-json\/wp\/v2\/product_tag?post=922"}],"curies":[{"name":"wp","href":"https:\/\/api.w.org\/{rel}","templated":true}]}}